{"id":1347,"date":"2026-03-19T12:11:40","date_gmt":"2026-03-19T12:11:40","guid":{"rendered":"https:\/\/focayogurdu.com\/staging\/?page_id=1347"},"modified":"2026-03-19T12:26:51","modified_gmt":"2026-03-19T12:26:51","slug":"elementor-sayfa-1347","status":"publish","type":"page","link":"https:\/\/focayogurdu.com\/staging\/","title":{"rendered":"ANA SAYFA A"},"content":{"rendered":"\t\t<div data-elementor-type=\"wp-page\" data-elementor-id=\"1347\" class=\"elementor elementor-1347\">\n\t\t\t\t<div class=\"elementor-element elementor-element-af6f314 e-flex e-con-boxed e-con e-parent\" data-id=\"af6f314\" data-element_type=\"container\" data-e-type=\"container\" data-settings=\"{&quot;background_background&quot;:&quot;classic&quot;}\">\n\t\t\t\t\t<div class=\"e-con-inner\">\n\t\t\t\t<div class=\"elementor-element elementor-element-d7bd988 elementor-widget elementor-widget-heading\" data-id=\"d7bd988\" data-element_type=\"widget\" data-e-type=\"widget\" data-widget_type=\"heading.default\">\n\t\t\t\t\t<h2 class=\"elementor-heading-title elementor-size-default\">BAKIM \u00c7ALI\u015eMASI YAPILMAKTADIR.<\/h2>\t\t\t\t<\/div>\n\t\t<div class=\"elementor-element elementor-element-c844ce0 e-con-full e-flex e-con e-child\" data-id=\"c844ce0\" data-element_type=\"container\" data-e-type=\"container\">\n\t\t\t\t<\/div>\n\t\t\t\t\t<\/div>\n\t\t\t\t<\/div>\n\t\t<div class=\"elementor-element elementor-element-70bb662 e-con-full e-flex e-con e-parent\" data-id=\"70bb662\" data-element_type=\"container\" data-e-type=\"container\" data-settings=\"{&quot;background_background&quot;:&quot;classic&quot;}\">\n\t\t<div class=\"elementor-element elementor-element-102be45 e-con-full e-flex e-con e-child\" data-id=\"102be45\" data-element_type=\"container\" data-e-type=\"container\" data-settings=\"{&quot;background_background&quot;:&quot;classic&quot;}\">\n\t\t\t\t<div class=\"elementor-element elementor-element-46a9794 elementor-widget elementor-widget-heading\" data-id=\"46a9794\" data-element_type=\"widget\" data-e-type=\"widget\" data-widget_type=\"heading.default\">\n\t\t\t\t\t<h2 class=\"elementor-heading-title elementor-size-default\">BAKIM \u00c7ALI\u015eMASI YAPILMAKTADIR.<\/h2>\t\t\t\t<\/div>\n\t\t<div class=\"elementor-element elementor-element-2f5daf4 e-con-full e-flex e-con e-child\" data-id=\"2f5daf4\" data-element_type=\"container\" data-e-type=\"container\">\n\t\t\t\t<\/div>\n\t\t\t\t<\/div>\n\t\t\t\t<\/div>\n\t\t\t\t<\/div>\n\t\t","protected":false},"excerpt":{"rendered":"<p>BAKIM \u00c7ALI\u015eMASI YAPILMAKTADIR. BAKIM \u00c7ALI\u015eMASI YAPILMAKTADIR.<\/p>\n","protected":false},"author":1,"featured_media":0,"parent":0,"menu_order":0,"comment_status":"closed","ping_status":"closed","template":"","meta":{"_kad_post_transparent":"","_kad_post_title":"hide","_kad_post_layout":"fullwidth","_kad_post_sidebar_id":"","_kad_post_content_style":"unboxed","_kad_post_vertical_padding":"hide","_kad_post_feature":"hide","_kad_post_feature_position":"","_kad_post_header":false,"_kad_post_footer":false,"_kad_post_classname":"","footnotes":""},"class_list":["post-1347","page","type-page","status-publish","hentry"],"_links":{"self":[{"href":"https:\/\/focayogurdu.com\/staging\/index.php?rest_route=\/wp\/v2\/pages\/1347","targetHints":{"allow":["GET"]}}],"collection":[{"href":"https:\/\/focayogurdu.com\/staging\/index.php?rest_route=\/wp\/v2\/pages"}],"about":[{"href":"https:\/\/focayogurdu.com\/staging\/index.php?rest_route=\/wp\/v2\/types\/page"}],"author":[{"embeddable":true,"href":"https:\/\/focayogurdu.com\/staging\/index.php?rest_route=\/wp\/v2\/users\/1"}],"replies":[{"embeddable":true,"href":"https:\/\/focayogurdu.com\/staging\/index.php?rest_route=%2Fwp%2Fv2%2Fcomments&post=1347"}],"version-history":[{"count":13,"href":"https:\/\/focayogurdu.com\/staging\/index.php?rest_route=\/wp\/v2\/pages\/1347\/revisions"}],"predecessor-version":[{"id":1369,"href":"https:\/\/focayogurdu.com\/staging\/index.php?rest_route=\/wp\/v2\/pages\/1347\/revisions\/1369"}],"wp:attachment":[{"href":"https:\/\/focayogurdu.com\/staging\/index.php?rest_route=%2Fwp%2Fv2%2Fmedia&parent=1347"}],"curies":[{"name":"wp","href":"https:\/\/api.w.org\/{rel}","templated":true}]}}