{"id":553,"date":"2026-02-17T06:37:29","date_gmt":"2026-02-17T06:37:29","guid":{"rendered":"http:\/\/focayogurdu.com\/staging\/?page_id=553"},"modified":"2026-03-19T14:41:10","modified_gmt":"2026-03-19T14:41:10","slug":"hakkimizda","status":"publish","type":"page","link":"https:\/\/focayogurdu.com\/?page_id=553","title":{"rendered":"HAKKIMIZDA"},"content":{"rendered":"\t\t<div data-elementor-type=\"wp-page\" data-elementor-id=\"553\" class=\"elementor elementor-553\">\n\t\t\t\t<div class=\"elementor-element elementor-element-89cdab9 e-con-full e-flex e-con e-parent\" data-id=\"89cdab9\" data-element_type=\"container\" data-e-type=\"container\" data-settings=\"{&quot;background_background&quot;:&quot;classic&quot;}\">\n\t\t<div class=\"elementor-element elementor-element-503044a e-con-full e-flex e-con e-child\" data-id=\"503044a\" data-element_type=\"container\" data-e-type=\"container\" data-settings=\"{&quot;background_background&quot;:&quot;classic&quot;}\">\n\t\t<div class=\"elementor-element elementor-element-8e9f81a e-con-full e-flex e-con e-child\" data-id=\"8e9f81a\" data-element_type=\"container\" data-e-type=\"container\">\n\t\t\t\t<div class=\"elementor-element elementor-element-f0f7ee6 elementor-widget elementor-widget-heading\" data-id=\"f0f7ee6\" data-element_type=\"widget\" data-e-type=\"widget\" data-widget_type=\"heading.default\">\n\t\t\t\t\t<h2 class=\"elementor-heading-title elementor-size-default\">FO\u00c7A YO\u011eURT<\/h2>\t\t\t\t<\/div>\n\t\t\t\t<div class=\"elementor-element elementor-element-b1903d2 elementor-widget elementor-widget-heading\" data-id=\"b1903d2\" data-element_type=\"widget\" data-e-type=\"widget\" data-widget_type=\"heading.default\">\n\t\t\t\t\t<h2 class=\"elementor-heading-title elementor-size-default\">HAKKIMIZDA<\/h2>\t\t\t\t<\/div>\n\t\t\t\t<\/div>\n\t\t<div class=\"elementor-element elementor-element-e2dcf63 e-con-full e-flex e-con e-child\" data-id=\"e2dcf63\" data-element_type=\"container\" data-e-type=\"container\">\n\t\t<div class=\"elementor-element elementor-element-d67ef56 e-con-full e-flex e-con e-child\" data-id=\"d67ef56\" data-element_type=\"container\" data-e-type=\"container\">\n\t\t\t\t<\/div>\n\t\t<div class=\"elementor-element elementor-element-0b04f4b e-con-full e-flex e-con e-child\" data-id=\"0b04f4b\" data-element_type=\"container\" data-e-type=\"container\">\n\t\t\t\t<div class=\"elementor-element elementor-element-8bfb9cb elementor-button-info elementor-align-center elementor-tablet-align-center elementor-widget__width-initial elementor-widget-mobile__width-initial elementor-widget elementor-widget-button\" data-id=\"8bfb9cb\" data-element_type=\"widget\" data-e-type=\"widget\" data-widget_type=\"button.default\">\n\t\t\t\t\t\t\t\t\t\t<a class=\"elementor-button elementor-button-link elementor-size-sm\" href=\"https:\/\/focayogurdu.com\/?page_id=1259\">\n\t\t\t\t\t\t<span class=\"elementor-button-content-wrapper\">\n\t\t\t\t\t\t\t\t\t<span class=\"elementor-button-text\">Y\u00d6NET\u0130M KURULU B\u0130LG\u0130LER\u0130<\/span>\n\t\t\t\t\t<\/span>\n\t\t\t\t\t<\/a>\n\t\t\t\t\t\t\t\t<\/div>\n\t\t\t\t<div class=\"elementor-element elementor-element-102a292 elementor-button-info elementor-align-center elementor-widget__width-initial elementor-widget-mobile__width-initial elementor-widget elementor-widget-button\" data-id=\"102a292\" data-element_type=\"widget\" data-e-type=\"widget\" data-widget_type=\"button.default\">\n\t\t\t\t\t\t\t\t\t\t<a class=\"elementor-button elementor-button-link elementor-size-sm\" href=\"https:\/\/focayogurdu.com\/?page_id=1541\">\n\t\t\t\t\t\t<span class=\"elementor-button-content-wrapper\">\n\t\t\t\t\t\t\t\t\t<span class=\"elementor-button-text\">KAL\u0130TE POL\u0130TAKSI B\u0130LG\u0130LER\u0130<\/span>\n\t\t\t\t\t<\/span>\n\t\t\t\t\t<\/a>\n\t\t\t\t\t\t\t\t<\/div>\n\t\t\t\t<\/div>\n\t\t\t\t<\/div>\n\t\t\t\t<\/div>\n\t\t\t\t<\/div>\n\t\t<div class=\"elementor-element elementor-element-11324e9 e-flex e-con-boxed e-con e-parent\" data-id=\"11324e9\" data-element_type=\"container\" data-e-type=\"container\" data-settings=\"{&quot;background_background&quot;:&quot;classic&quot;}\">\n\t\t\t\t\t<div class=\"e-con-inner\">\n\t\t<div class=\"elementor-element elementor-element-28ba91f e-con-full e-flex e-con e-child\" data-id=\"28ba91f\" data-element_type=\"container\" data-e-type=\"container\">\n\t\t\t\t<div class=\"elementor-element elementor-element-f5b82ea elementor-widget elementor-widget-text-editor\" data-id=\"f5b82ea\" data-element_type=\"widget\" data-e-type=\"widget\" data-widget_type=\"text-editor.default\">\n\t\t\t\t\t\t\t\t\t<h1 style=\"text-align: center;\"><strong>S.S. BA\u011eARASI VE YEN\u0130BA\u011eARASI TARIMSAL KALINMA KOOPERAT\u0130F\u0130<\/strong><strong>\u00a0<\/strong><\/h1><p>\u00a0 \u00a0 \u00a0<b>1968 y\u0131l\u0131nda 7 ortakla kurulan S. S Ba\u011faras\u0131 ve Yeniba\u011faras\u0131 Tar\u0131msal Kalk\u0131nma Kooperatifi, tar\u0131msal s\u00fcrd\u00fcr\u00fclebilir \u00fcretimi ve kalk\u0131nmay\u0131 desteklemek amac\u0131yla yola \u00e7\u0131kt\u0131. \u0130lk etapta ortaklar\u0131n s\u00fct\u00fcn\u00fc toplamak ve yem ihtiyac\u0131n\u0131 kar\u015f\u0131lamak \u00fczere kurulan kooperatif, zamanla daha geni\u015f bir vizyona sahip oldu.<\/b><\/p><h1 style=\"text-align: center;\"><strong>AMA\u00c7 VE DE\u011eERLER<\/strong><\/h1><p><strong><span style=\"text-decoration: underline;\">Verimli ve S\u00fcrd\u00fcr\u00fclebilir :<\/span><\/strong> Kooperatifimiz, ortaklar\u0131m\u0131z\u0131n refah\u0131n\u0131 art\u0131rmay\u0131, kaliteli ve s\u00fcrd\u00fcr\u00fclebilir tar\u0131msal \u00fcretimi te\u015fvik etmektedir. 1968&#8217;den bu yana \u00fcreticinin yarar\u0131na \u00e7al\u0131\u015f\u0131rken, t\u00fcketiciye her zaman sa\u011fl\u0131kl\u0131 ve kaliteli \u00fcr\u00fcnler sunmay\u0131 g\u00f6rev edindik.<\/p><p><span style=\"text-decoration: underline;\"><strong>\u00c7evre Dostu:<\/strong><\/span> Toplulu\u011fumuzun ihtiya\u00e7lar\u0131na duyarl\u0131l\u0131kla yakla\u015fmakta, tar\u0131msal kaynaklar\u0131 yerinde ve verimli bir \u015fekilde kullanmaktad\u0131r. \u00dcretim s\u00fcrecindeki a\u015famalarda \u00e7evre dostu uygulamalar\u0131 benimsemeyi ilke edinmektedir.<\/p><p><span style=\"text-decoration: underline;\"><strong>\u015eeffaf:<\/strong><\/span> Dayan\u0131\u015fma, g\u00fcven, \u015feffafl\u0131kla her bir \u00fcreticimizin katk\u0131s\u0131n\u0131 \u00f6nemsemekte ve birlikte daha g\u00fc\u00e7l\u00fc bir gelecek in\u015fa etmek i\u00e7in \u00e7al\u0131\u015fmaktad\u0131r. Katk\u0131s\u0131z ve do\u011fal \u00fcr\u00fcnlerle t\u00fcketicinin yan\u0131nda olmaya devam etmektedir.<\/p><p><span style=\"text-decoration: underline;\"><strong>\u00d6nc\u00fc:<\/strong><\/span> Tar\u0131msal kalk\u0131nma ve Kooperatif\u00e7ilik alan\u0131nda \u00f6nc\u00fc bir model olarak, hem \u00fcretici ortaklar\u0131n, hem de b\u00f6lge toplulu\u011funun kalk\u0131nmas\u0131na katk\u0131da bulunmaktad\u0131r.<\/p><p><span style=\"text-decoration: underline;\"><strong>Etik ve Kaliteli \u00dcretim:<\/strong><\/span> Kara Maya ile \u00fcretilen faydal\u0131 yo\u011furdumuzu, ayn\u0131 kalite ve lezzetle t\u00fcketicilere ula\u015ft\u0131rarak, t\u00fcketicilerin g\u00fcvenini kazanmaya \u00f6nem vermektedir.<\/p><h1 style=\"text-align: center;\"><strong>TES\u0130S\u0130M\u0130Z<\/strong><\/h1><p><b>Tesisimiz, Tar\u0131m Bakanl\u0131\u011f\u0131 5 ton\/g\u00fcn \u00fcretim tip projesiyle \u0130zmir Fo\u00e7a Ba\u011faras\u0131\u2019nda faaliyete ge\u00e7ti. Kara Maya ile olu\u015fan faydal\u0131 probiyotiklerin insan sa\u011fl\u0131\u011f\u0131 ve floras\u0131na verdi\u011fi de\u011feri korumak i\u00e7in s\u00fct\u00fcm\u00fczde ve \u00fcretimimizde ayn\u0131 kaliteyi koruyoruz. Bu \u00f6nceliklerle katk\u0131s\u0131z ve k\u00fclt\u00fcr kullan\u0131lmadan \u00fcretilen yo\u011furdumuzun raf \u00f6mr\u00fc 12 g\u00fcn\u2019d\u00fcr. +25 ton\/g\u00fcn kapasitesine \u00e7\u0131k\u0131larak \u00fcretilen FO\u00c7A Yo\u011furdu, bug\u00fcn Ege\u2019nin vazge\u00e7ilmez<\/b> <b>damak tad\u0131 oldu.<\/b><\/p><h6 style=\"text-align: center;\">\u00c7i\u011f \u0130nek S\u00fct\u00fcn\u00fcn Uygun Ko\u015fullarda Toplanmas\u0131 ve Analizi <img fetchpriority=\"high\" decoding=\"async\" class=\"aligncenter wp-image-566 size-large\" src=\"http:\/\/focayogurdu.com\/wp-content\/uploads\/2026\/02\/DSCF9528-1024x683.jpg\" alt=\"\" width=\"1024\" height=\"683\" srcset=\"https:\/\/focayogurdu.com\/wp-content\/uploads\/2026\/02\/DSCF9528-1024x683.jpg 1024w, https:\/\/focayogurdu.com\/wp-content\/uploads\/2026\/02\/DSCF9528-300x200.jpg 300w, https:\/\/focayogurdu.com\/wp-content\/uploads\/2026\/02\/DSCF9528-768x512.jpg 768w, https:\/\/focayogurdu.com\/wp-content\/uploads\/2026\/02\/DSCF9528-1536x1024.jpg 1536w, https:\/\/focayogurdu.com\/wp-content\/uploads\/2026\/02\/DSCF9528-2048x1365.jpg 2048w\" sizes=\"(max-width: 1024px) 100vw, 1024px\" \/> \u00a0 \u00a0<\/h6><h6 style=\"text-align: center;\">\u00a0Kara Maya Fark\u0131 ile\u00a0\u00a0El Eme\u011fi \u00dcretim<img decoding=\"async\" class=\"aligncenter wp-image-282 size-large\" src=\"http:\/\/focayogurdu.com\/wp-content\/uploads\/2026\/02\/DSCF8752-1-1024x683.jpg\" alt=\"\" width=\"1024\" height=\"683\" srcset=\"https:\/\/focayogurdu.com\/wp-content\/uploads\/2026\/02\/DSCF8752-1-1024x683.jpg 1024w, https:\/\/focayogurdu.com\/wp-content\/uploads\/2026\/02\/DSCF8752-1-300x200.jpg 300w, https:\/\/focayogurdu.com\/wp-content\/uploads\/2026\/02\/DSCF8752-1-768x512.jpg 768w, https:\/\/focayogurdu.com\/wp-content\/uploads\/2026\/02\/DSCF8752-1-1536x1024.jpg 1536w, https:\/\/focayogurdu.com\/wp-content\/uploads\/2026\/02\/DSCF8752-1-2048x1365.jpg 2048w\" sizes=\"(max-width: 1024px) 100vw, 1024px\" \/><span style=\"text-align: start;\">Paketleme Depolama Sevkiyat<\/span><\/h6><h6><img decoding=\"async\" class=\"aligncenter wp-image-565 size-large\" src=\"http:\/\/focayogurdu.com\/wp-content\/uploads\/2026\/02\/DSCF8740-1024x683.jpg\" alt=\"\" width=\"1024\" height=\"683\" srcset=\"https:\/\/focayogurdu.com\/wp-content\/uploads\/2026\/02\/DSCF8740-1024x683.jpg 1024w, https:\/\/focayogurdu.com\/wp-content\/uploads\/2026\/02\/DSCF8740-300x200.jpg 300w, https:\/\/focayogurdu.com\/wp-content\/uploads\/2026\/02\/DSCF8740-768x512.jpg 768w, https:\/\/focayogurdu.com\/wp-content\/uploads\/2026\/02\/DSCF8740-1536x1024.jpg 1536w, https:\/\/focayogurdu.com\/wp-content\/uploads\/2026\/02\/DSCF8740-2048x1365.jpg 2048w\" sizes=\"(max-width: 1024px) 100vw, 1024px\" \/><\/h6><h1 style=\"text-align: center;\"><strong>Laboratuvar Analizleri<\/strong><\/h1><p>\u00a0 \u00a0 \u00a0Kooperatif \u00fcretici ortaklar\u0131m\u0131z\u0131n so\u011futma tanklar\u0131ndan al\u0131nan numunelerin laboratuvar\u0131m\u0131zda analizleri yap\u0131larak, standartlara uygunlu\u011fu tespit edildikten sonra sadece uygun olan s\u00fctler ara\u00e7lar\u0131m\u0131zda toplanmaya ba\u015flan\u0131r. <br \/>Bu ama\u00e7la yap\u0131lan analizler: <br \/>1. Antibiyotik Testi <br \/>2. Asitlik Tayini <br \/>3. Alkol Testi <br \/>4. Ya\u011f ve Kuru Madde Tayini 5. Somatik H\u00fccre Tayini<\/p><p>Kooperatifimiz 1 adet toplama merkezi ve 10&#8217;ar tonluk 2 so\u011futmal\u0131 s\u00fct arac\u0131yla g\u00fcnl\u00fck ortalama <span style=\"text-decoration: underline;\">30-35 ton<\/span> s\u00fct toplamaktad\u0131r.<\/p><p><strong>\u00a0<br \/><br \/><br \/><br \/><br \/><\/strong><\/p>\t\t\t\t\t\t\t\t<\/div>\n\t\t\t\t<\/div>\n\t\t\t\t\t<\/div>\n\t\t\t\t<\/div>\n\t\t<div class=\"elementor-element elementor-element-6fcfaa5 e-flex e-con-boxed e-con e-parent\" data-id=\"6fcfaa5\" data-element_type=\"container\" data-e-type=\"container\" data-settings=\"{&quot;background_background&quot;:&quot;gradient&quot;}\">\n\t\t\t\t\t<div class=\"e-con-inner\">\n\t\t<div class=\"elementor-element elementor-element-ebfcb7a e-con-full e-flex e-con e-child\" data-id=\"ebfcb7a\" data-element_type=\"container\" data-e-type=\"container\">\n\t\t<div class=\"elementor-element elementor-element-78d30ac e-con-full e-flex e-con e-child\" data-id=\"78d30ac\" data-element_type=\"container\" data-e-type=\"container\">\n\t\t\t\t<div class=\"elementor-element elementor-element-5b9cc22 elementor-widget elementor-widget-image\" data-id=\"5b9cc22\" data-element_type=\"widget\" data-e-type=\"widget\" data-widget_type=\"image.default\">\n\t\t\t\t\t\t\t\t\t\t\t\t\t\t\t<img loading=\"lazy\" decoding=\"async\" width=\"500\" height=\"500\" src=\"https:\/\/focayogurdu.com\/wp-content\/uploads\/2026\/02\/LOGO.png\" class=\"attachment-2048x2048 size-2048x2048 wp-image-28\" alt=\"\" srcset=\"https:\/\/focayogurdu.com\/wp-content\/uploads\/2026\/02\/LOGO.png 500w, https:\/\/focayogurdu.com\/wp-content\/uploads\/2026\/02\/LOGO-300x300.png 300w, https:\/\/focayogurdu.com\/wp-content\/uploads\/2026\/02\/LOGO-150x150.png 150w\" sizes=\"(max-width: 500px) 100vw, 500px\" \/>\t\t\t\t\t\t\t\t\t\t\t\t\t\t\t<\/div>\n\t\t<div class=\"elementor-element elementor-element-0a03b9d e-con-full e-flex e-con e-child\" data-id=\"0a03b9d\" data-element_type=\"container\" data-e-type=\"container\">\n\t\t<div class=\"elementor-element elementor-element-2036efb e-con-full e-flex e-con e-child\" data-id=\"2036efb\" data-element_type=\"container\" data-e-type=\"container\">\n\t\t\t\t<div class=\"elementor-element elementor-element-2b72de7 elementor-widget elementor-widget-heading\" data-id=\"2b72de7\" data-element_type=\"widget\" data-e-type=\"widget\" data-widget_type=\"heading.default\">\n\t\t\t\t\t<h2 class=\"elementor-heading-title elementor-size-default\"><a href=\"https:\/\/focayogurdu.com\/?page_id=1259&#038;preview_id=1259&#038;preview_nonce=41df5b9339&#038;preview=true\">Y\u00d6NET\u0130M KURULUMUZ<\/a><\/h2>\t\t\t\t<\/div>\n\t\t\t\t<div class=\"elementor-element elementor-element-22a5782 elementor-widget elementor-widget-text-editor\" data-id=\"22a5782\" data-element_type=\"widget\" data-e-type=\"widget\" data-widget_type=\"text-editor.default\">\n\t\t\t\t\t\t\t\t\t<p style=\"text-align: center;\"><strong>Y\u00d6NET\u0130M KURULU BA\u015eKANI<br \/><\/strong>HASAN FERD\u0130 BAYDARO\u011eULLARI<br \/><strong>BA\u015eKAN YARDIMCISI<br \/><\/strong>CAN DEM\u0130RBA\u015e<strong><br \/>MUHAS\u0130P<br \/><\/strong>HAL\u0130L KIRLI<br \/><strong>\u00dcYE<br \/><\/strong>HASAN MER\u0130\u00c7<br \/><strong>\u00dcYE<br \/><\/strong>YILDIRAY \u015e\u0130R\u0130N<\/p>\t\t\t\t\t\t\t\t<\/div>\n\t\t\t\t<\/div>\n\t\t<div class=\"elementor-element elementor-element-d14b9bc e-con-full e-flex e-con e-child\" data-id=\"d14b9bc\" data-element_type=\"container\" data-e-type=\"container\">\n\t\t\t\t<div class=\"elementor-element elementor-element-eb40da5 elementor-widget elementor-widget-heading\" data-id=\"eb40da5\" data-element_type=\"widget\" data-e-type=\"widget\" data-widget_type=\"heading.default\">\n\t\t\t\t\t<h2 class=\"elementor-heading-title elementor-size-default\"><a href=\"https:\/\/focayogurdu.com\/?page_id=1259&#038;preview_id=1259&#038;preview_nonce=41df5b9339&#038;preview=true\">DENET\u0130M KURULUMUZ<\/a><\/h2>\t\t\t\t<\/div>\n\t\t\t\t<div class=\"elementor-element elementor-element-74d3658 elementor-widget elementor-widget-text-editor\" data-id=\"74d3658\" data-element_type=\"widget\" data-e-type=\"widget\" data-widget_type=\"text-editor.default\">\n\t\t\t\t\t\t\t\t\t<p style=\"text-align: center;\"><strong>\u00dcYE<br \/><\/strong>G\u00d6KAY G\u00dcLTEK\u0130N<br \/><strong>\u00dcYE<br \/><\/strong>EFKAN ALTA\u015eI<br \/><strong>\u00dcYE<br \/><\/strong>HAMDULLAH DA\u011e<\/p>\t\t\t\t\t\t\t\t<\/div>\n\t\t<div class=\"elementor-element elementor-element-c6b2ec7 e-con-full e-flex e-con e-child\" data-id=\"c6b2ec7\" data-element_type=\"container\" data-e-type=\"container\">\n\t\t\t\t<div class=\"elementor-element elementor-element-bd9060e elementor-widget elementor-widget-heading\" data-id=\"bd9060e\" data-element_type=\"widget\" data-e-type=\"widget\" data-widget_type=\"heading.default\">\n\t\t\t\t\t<h2 class=\"elementor-heading-title elementor-size-default\"><a href=\"https:\/\/focayogurdu.com\/?page_id=1259&#038;preview_id=1259&#038;preview_nonce=41df5b9339&#038;preview=true\">\u00dcST B\u0130RL\u0130K \u00dcYELER\u0130<\/a><\/h2>\t\t\t\t<\/div>\n\t\t\t\t<div class=\"elementor-element elementor-element-fb042a0 elementor-widget elementor-widget-text-editor\" data-id=\"fb042a0\" data-element_type=\"widget\" data-e-type=\"widget\" data-widget_type=\"text-editor.default\">\n\t\t\t\t\t\t\t\t\t<p style=\"text-align: center;\"><strong>\u00dcYE<br \/><\/strong>EKREM TIKANSAK<br \/><strong>\u00dcYE<br \/><\/strong>\u0130BRAH\u0130M ULA\u015e Y\u00dcKSEKTEPE<br \/><strong>\u00dcYE<br \/><\/strong>NA\u0130L \u00d6ZKAN<\/p>\t\t\t\t\t\t\t\t<\/div>\n\t\t\t\t<\/div>\n\t\t\t\t<\/div>\n\t\t\t\t<\/div>\n\t\t\t\t<\/div>\n\t\t<div class=\"elementor-element elementor-element-20abe90 e-con-full e-flex e-con e-child\" data-id=\"20abe90\" data-element_type=\"container\" data-e-type=\"container\">\n\t\t<div class=\"elementor-element elementor-element-0b477b9 e-con-full e-flex e-con e-child\" data-id=\"0b477b9\" data-element_type=\"container\" data-e-type=\"container\">\n\t\t\t\t<div class=\"elementor-element elementor-element-4fb46cb elementor-widget elementor-widget-heading\" data-id=\"4fb46cb\" data-element_type=\"widget\" data-e-type=\"widget\" data-widget_type=\"heading.default\">\n\t\t\t\t\t<h2 class=\"elementor-heading-title elementor-size-default\">M\u0130SYONUMUZ<\/h2>\t\t\t\t<\/div>\n\t\t\t\t<div class=\"elementor-element elementor-element-494c0bf elementor-widget elementor-widget-text-editor\" data-id=\"494c0bf\" data-element_type=\"widget\" data-e-type=\"widget\" data-widget_type=\"text-editor.default\">\n\t\t\t\t\t\t\t\t\t<p style=\"text-align: center;\">S.S. BA\u011eARASI VE YEN\u0130 BA\u011eARASI TARIMSAL KALKINMA KOOPERAT\u0130F\u0130<\/p><p style=\"text-align: center;\">Birlik ve beraberli\u011fin yap\u0131c\u0131 g\u00fcc\u00fc ile insan ve do\u011fa sa\u011fl\u0131\u011f\u0131n\u0131 koruyan, organik \u00fcretim standartlar\u0131nda s\u00fct \u00fcr\u00fcnleri \u00fcretmek, sa\u011fl\u0131kl\u0131 ve katk\u0131s\u0131z \u00fcr\u00fcn i\u015fleme ile \u00fcretimden sofraya, birli\u011fimizin ve payda\u015flar\u0131m\u0131z\u0131n ticari kazan\u0131mlar\u0131n\u0131 b\u00fcy\u00fct\u00fcp, varl\u0131klar\u0131n\u0131 nesiller boyu s\u00fcrd\u00fcrmek.<\/p><p style=\"text-align: center;\">Do\u011faya sayg\u0131yla, organik \u00fcretip, katk\u0131s\u0131z i\u015fleyerek, sa\u011fl\u0131kl\u0131 sofralara ula\u015ft\u0131rmak.<\/p>\t\t\t\t\t\t\t\t<\/div>\n\t\t\t\t<\/div>\n\t\t<div class=\"elementor-element elementor-element-ffb72b1 e-con-full e-flex e-con e-child\" data-id=\"ffb72b1\" data-element_type=\"container\" data-e-type=\"container\">\n\t\t\t\t<div class=\"elementor-element elementor-element-7461908 elementor-widget elementor-widget-heading\" data-id=\"7461908\" data-element_type=\"widget\" data-e-type=\"widget\" data-widget_type=\"heading.default\">\n\t\t\t\t\t<h2 class=\"elementor-heading-title elementor-size-default\">V\u0130ZYONUMUZ<\/h2>\t\t\t\t<\/div>\n\t\t\t\t<div class=\"elementor-element elementor-element-7fee769 elementor-widget elementor-widget-text-editor\" data-id=\"7fee769\" data-element_type=\"widget\" data-e-type=\"widget\" data-widget_type=\"text-editor.default\">\n\t\t\t\t\t\t\t\t\t<p style=\"text-align: center;\">S.S. BA\u011eARASI VE YEN\u0130 BA\u011eARASI TARIMSAL KALKINMA KOOPERAT\u0130F\u0130 OLARAK<br \/>\u00a0T\u0130CAR\u0130 HEDEF\u0130M\u0130Z..<\/p><p style=\"text-align: center;\">M\u00fc\u015fterimize geli\u015fen teknolojiye uygun ve hijyenik anlamda tam hizmet verebilmek kalite prensiplerimize m\u00fc\u015fteri\/talep ihtiya\u00e7lar\u0131na uygun \u00fcr\u00fcn yelpazesini geni\u015fleterek ve\/veya geli\u015ftirerek \u00fcretime devam etmektedir.<\/p><p style=\"text-align: center;\">TGK ve di\u011fer ilgili mevzuata uygun \u015fartlar\u0131 sa\u011flamakt\u0131r.<\/p><p style=\"text-align: center;\">FO\u00c7A YO\u011eURT; \u00e7al\u0131\u015fanlar\u0131, \u00fcreticisi ve tedarik\u00e7isiyle birlikte b\u00fcy\u00fcmeyi t\u00fcketicisi ile b\u00fct\u00fcnle\u015ferek uluslararas\u0131 alanda s\u00f6z sahibi olan bir \u2018b\u00f6lgesel g\u00fc\u00e7\u2019 olmay\u0131 \u00e7al\u0131\u015fanlar\u0131yla birlikte kalitesini ve verimlili\u011fini artt\u0131rmay\u0131 ana hedefi olarak belirlemi\u015ftir.<\/p>\t\t\t\t\t\t\t\t<\/div>\n\t\t\t\t<\/div>\n\t\t\t\t<\/div>\n\t\t\t\t<\/div>\n\t\t\t\t\t<\/div>\n\t\t\t\t<\/div>\n\t\t\t\t<\/div>\n\t\t","protected":false},"excerpt":{"rendered":"<p>FO\u00c7A YO\u011eURT HAKKIMIZDA Y\u00d6NET\u0130M KURULU B\u0130LG\u0130LER\u0130 KAL\u0130TE POL\u0130TAKSI B\u0130LG\u0130LER\u0130 S.S. BA\u011eARASI VE YEN\u0130BA\u011eARASI TARIMSAL KALINMA KOOPERAT\u0130F\u0130\u00a0 \u00a0 \u00a0 \u00a01968 y\u0131l\u0131nda 7 ortakla kurulan S. S Ba\u011faras\u0131 ve Yeniba\u011faras\u0131 Tar\u0131msal Kalk\u0131nma Kooperatifi, tar\u0131msal s\u00fcrd\u00fcr\u00fclebilir \u00fcretimi ve kalk\u0131nmay\u0131 desteklemek amac\u0131yla yola \u00e7\u0131kt\u0131. \u0130lk etapta ortaklar\u0131n s\u00fct\u00fcn\u00fc toplamak ve yem ihtiyac\u0131n\u0131 kar\u015f\u0131lamak \u00fczere kurulan kooperatif, zamanla daha geni\u015f&#8230;<\/p>\n","protected":false},"author":1,"featured_media":0,"parent":0,"menu_order":0,"comment_status":"closed","ping_status":"closed","template":"","meta":{"_kad_post_transparent":"","_kad_post_title":"hide","_kad_post_layout":"fullwidth","_kad_post_sidebar_id":"","_kad_post_content_style":"unboxed","_kad_post_vertical_padding":"hide","_kad_post_feature":"hide","_kad_post_feature_position":"","_kad_post_header":false,"_kad_post_footer":false,"_kad_post_classname":"","footnotes":""},"class_list":["post-553","page","type-page","status-publish","hentry"],"_links":{"self":[{"href":"https:\/\/focayogurdu.com\/index.php?rest_route=\/wp\/v2\/pages\/553","targetHints":{"allow":["GET"]}}],"collection":[{"href":"https:\/\/focayogurdu.com\/index.php?rest_route=\/wp\/v2\/pages"}],"about":[{"href":"https:\/\/focayogurdu.com\/index.php?rest_route=\/wp\/v2\/types\/page"}],"author":[{"embeddable":true,"href":"https:\/\/focayogurdu.com\/index.php?rest_route=\/wp\/v2\/users\/1"}],"replies":[{"embeddable":true,"href":"https:\/\/focayogurdu.com\/index.php?rest_route=%2Fwp%2Fv2%2Fcomments&post=553"}],"version-history":[{"count":256,"href":"https:\/\/focayogurdu.com\/index.php?rest_route=\/wp\/v2\/pages\/553\/revisions"}],"predecessor-version":[{"id":2629,"href":"https:\/\/focayogurdu.com\/index.php?rest_route=\/wp\/v2\/pages\/553\/revisions\/2629"}],"wp:attachment":[{"href":"https:\/\/focayogurdu.com\/index.php?rest_route=%2Fwp%2Fv2%2Fmedia&parent=553"}],"curies":[{"name":"wp","href":"https:\/\/api.w.org\/{rel}","templated":true}]}}