{"id":1541,"date":"2026-02-27T15:09:17","date_gmt":"2026-02-27T15:09:17","guid":{"rendered":"https:\/\/focayogurdu.com\/?page_id=1541"},"modified":"2026-03-19T14:48:11","modified_gmt":"2026-03-19T14:48:11","slug":"kalite","status":"publish","type":"page","link":"https:\/\/focayogurdu.com\/?page_id=1541","title":{"rendered":"KAL\u0130TE"},"content":{"rendered":"\t\t<div data-elementor-type=\"wp-page\" data-elementor-id=\"1541\" class=\"elementor elementor-1541\">\n\t\t\t\t<div class=\"elementor-element elementor-element-36bd611 e-con-full e-flex e-con e-parent\" data-id=\"36bd611\" data-element_type=\"container\" data-e-type=\"container\" data-settings=\"{&quot;background_background&quot;:&quot;classic&quot;}\">\n\t\t<div class=\"elementor-element elementor-element-4050fb7 e-flex e-con-boxed e-con e-child\" data-id=\"4050fb7\" data-element_type=\"container\" data-e-type=\"container\" data-settings=\"{&quot;background_background&quot;:&quot;classic&quot;}\">\n\t\t\t\t\t<div class=\"e-con-inner\">\n\t\t<div class=\"elementor-element elementor-element-e36a664 e-con-full e-flex e-con e-child\" data-id=\"e36a664\" data-element_type=\"container\" data-e-type=\"container\" data-settings=\"{&quot;background_background&quot;:&quot;gradient&quot;}\">\n\t\t<div class=\"elementor-element elementor-element-cb9d2c4 e-con-full e-flex e-con e-child\" data-id=\"cb9d2c4\" data-element_type=\"container\" data-e-type=\"container\">\n\t\t\t\t<\/div>\n\t\t<div class=\"elementor-element elementor-element-9febf82 e-con-full e-flex e-con e-child\" data-id=\"9febf82\" data-element_type=\"container\" data-e-type=\"container\">\n\t\t\t\t<\/div>\n\t\t\t\t<div class=\"elementor-element elementor-element-8f11041 elementor-widget__width-initial elementor-widget elementor-widget-heading\" data-id=\"8f11041\" data-element_type=\"widget\" data-e-type=\"widget\" data-widget_type=\"heading.default\">\n\t\t\t\t\t<h2 class=\"elementor-heading-title elementor-size-default\">KAL\u0130TE POL\u0130T\u0130KAMIZ<\/h2>\t\t\t\t<\/div>\n\t\t\t\t<\/div>\n\t\t\t\t\t<\/div>\n\t\t\t\t<\/div>\n\t\t\t\t<\/div>\n\t\t<div class=\"elementor-element elementor-element-0522579 e-con-full e-flex e-con e-parent\" data-id=\"0522579\" data-element_type=\"container\" data-e-type=\"container\" data-settings=\"{&quot;background_background&quot;:&quot;classic&quot;}\">\n\t\t<div class=\"elementor-element elementor-element-c14d67f e-con-full e-flex e-con e-child\" data-id=\"c14d67f\" data-element_type=\"container\" data-e-type=\"container\">\n\t\t<div class=\"elementor-element elementor-element-c400360 e-con-full e-flex e-con e-child\" data-id=\"c400360\" data-element_type=\"container\" data-e-type=\"container\">\n\t\t<div class=\"elementor-element elementor-element-8d0231d e-con-full e-flex e-con e-child\" data-id=\"8d0231d\" data-element_type=\"container\" data-e-type=\"container\">\n\t\t\t\t<div class=\"elementor-element elementor-element-69fff2d elementor-widget elementor-widget-heading\" data-id=\"69fff2d\" data-element_type=\"widget\" data-e-type=\"widget\" data-widget_type=\"heading.default\">\n\t\t\t\t\t<h2 class=\"elementor-heading-title elementor-size-default\">KAL\u0130TE POL\u0130T\u0130KAMIZ<\/h2>\t\t\t\t<\/div>\n\t\t\t\t<div class=\"elementor-element elementor-element-8a98cb8 elementor-widget elementor-widget-heading\" data-id=\"8a98cb8\" data-element_type=\"widget\" data-e-type=\"widget\" data-widget_type=\"heading.default\">\n\t\t\t\t\t<h2 class=\"elementor-heading-title elementor-size-default\">8 S\u00dcREKL\u0130L\u0130KTEN OLU\u015eUR\n<\/h2>\t\t\t\t<\/div>\n\t\t\t\t<\/div>\n\t\t<div class=\"elementor-element elementor-element-efead0d e-con-full e-flex e-con e-child\" data-id=\"efead0d\" data-element_type=\"container\" data-e-type=\"container\">\n\t\t\t\t<div class=\"elementor-element elementor-element-193f790 elementor-widget elementor-widget-image\" data-id=\"193f790\" data-element_type=\"widget\" data-e-type=\"widget\" data-widget_type=\"image.default\">\n\t\t\t\t\t\t\t\t\t\t\t\t\t\t\t<img fetchpriority=\"high\" decoding=\"async\" width=\"260\" height=\"280\" src=\"https:\/\/focayogurdu.com\/wp-content\/uploads\/2026\/02\/letter-8-crown-logo-on-260nw-2177125629.png\" class=\"attachment-large size-large wp-image-1564\" alt=\"\" \/>\t\t\t\t\t\t\t\t\t\t\t\t\t\t\t<\/div>\n\t\t\t\t<\/div>\n\t\t\t\t<\/div>\n\t\t<div class=\"elementor-element elementor-element-d3a2589 e-con-full e-flex e-con e-child\" data-id=\"d3a2589\" data-element_type=\"container\" data-e-type=\"container\">\n\t\t\t\t<div class=\"elementor-element elementor-element-f29ebfe elementor-widget elementor-widget-text-editor\" data-id=\"f29ebfe\" data-element_type=\"widget\" data-e-type=\"widget\" data-widget_type=\"text-editor.default\">\n\t\t\t\t\t\t\t\t\t<ol><li style=\"text-align: left;\">M\u00fc\u015fteri memnuniyetini s\u00fcrekli g\u00fcndemde ve olabilecek en y\u00fcksek seviyede tutmak.<\/li><li style=\"text-align: left;\">T\u00fcm girdilerde kaliteyi \u00f6n planda tutarak s\u00fcrekli ara\u015ft\u0131rarak alternatifler bulmak.<\/li><li style=\"text-align: left;\">Kalite y\u00f6netimi sistemi ile kaliteyi optimum maliyetlerle s\u00fcrekli \u00fcst seviyelerde tutmak.<\/li><li style=\"text-align: left;\">Haccp prensiplerinden yola \u00e7\u0131karak tarladan ba\u015flamak suretiyle, sat\u0131n alma ve \u00fcretimden sat\u0131\u015fa kadar t\u00fcm a\u015famalarda kaliteyi s\u00fcrekli yerinde hissettirmek.<\/li><li style=\"text-align: left;\">\u00c7al\u0131\u015fanlar\u0131n e\u011fitim bilgi ve becerilerini s\u00fcrekli geli\u015ftirmek.<\/li><li style=\"text-align: left;\">Ekip \u00e7al\u0131\u015fmas\u0131n\u0131, kalite prensiplerimizle destekleyerek s\u00fcrekli maksimum verimi elde etmek.<\/li><li style=\"text-align: left;\">\u00c7al\u0131\u015fanlar\u0131m\u0131zla elbirli\u011fi yaparak; al\u00e7ak g\u00f6n\u00fcll\u00fcl\u00fckle bir araya gelip seslerimizi birle\u015ftirerek, m\u00fc\u015fterilerimizin deste\u011fi ile birlikte tek ses halinde <strong>KAL\u0130TEDE M\u00dcKEMMELL\u0130\u011eE<\/strong> ula\u015farak s\u00fcrekli geli\u015fmeyi sa\u011flamak.<\/li><\/ol>\t\t\t\t\t\t\t\t<\/div>\n\t\t\t\t<\/div>\n\t\t\t\t<\/div>\n\t\t\t\t<\/div>\n\t\t<div class=\"elementor-element elementor-element-734ec88 e-con-full e-flex e-con e-parent\" data-id=\"734ec88\" data-element_type=\"container\" data-e-type=\"container\" data-settings=\"{&quot;background_background&quot;:&quot;classic&quot;}\">\n\t\t<div class=\"elementor-element elementor-element-f17de8b e-con-full e-flex e-con e-child\" data-id=\"f17de8b\" data-element_type=\"container\" data-e-type=\"container\">\n\t\t<div class=\"elementor-element elementor-element-4a13f7b e-con-full e-flex e-con e-child\" data-id=\"4a13f7b\" data-element_type=\"container\" data-e-type=\"container\">\n\t\t<div class=\"elementor-element elementor-element-ec7f560 e-con-full e-flex e-con e-child\" data-id=\"ec7f560\" data-element_type=\"container\" data-e-type=\"container\">\n\t\t\t\t<div class=\"elementor-element elementor-element-037532b elementor-widget__width-initial elementor-widget elementor-widget-image\" data-id=\"037532b\" data-element_type=\"widget\" data-e-type=\"widget\" data-widget_type=\"image.default\">\n\t\t\t\t\t\t\t\t\t\t\t\t\t\t\t<img decoding=\"async\" width=\"768\" height=\"513\" src=\"https:\/\/focayogurdu.com\/wp-content\/uploads\/2026\/02\/technologist-white-uniform-checking-quality-industrial-production-factory-1-1-768x513-1.jpg\" class=\"attachment-large size-large wp-image-1565\" alt=\"\" srcset=\"https:\/\/focayogurdu.com\/wp-content\/uploads\/2026\/02\/technologist-white-uniform-checking-quality-industrial-production-factory-1-1-768x513-1.jpg 768w, https:\/\/focayogurdu.com\/wp-content\/uploads\/2026\/02\/technologist-white-uniform-checking-quality-industrial-production-factory-1-1-768x513-1-300x200.jpg 300w\" sizes=\"(max-width: 768px) 100vw, 768px\" \/>\t\t\t\t\t\t\t\t\t\t\t\t\t\t\t<\/div>\n\t\t\t\t<\/div>\n\t\t<div class=\"elementor-element elementor-element-e16a7f1 e-con-full e-flex e-con e-child\" data-id=\"e16a7f1\" data-element_type=\"container\" data-e-type=\"container\">\n\t\t\t\t<div class=\"elementor-element elementor-element-411a473 elementor-widget elementor-widget-heading\" data-id=\"411a473\" data-element_type=\"widget\" data-e-type=\"widget\" data-widget_type=\"heading.default\">\n\t\t\t\t\t<h2 class=\"elementor-heading-title elementor-size-default\">GIDA G\u00dcVENL\u0130\u011e\u0130 POL\u0130T\u0130KAMIZ<\/h2>\t\t\t\t<\/div>\n\t\t\t\t<div class=\"elementor-element elementor-element-8f8ba3d elementor-widget elementor-widget-heading\" data-id=\"8f8ba3d\" data-element_type=\"widget\" data-e-type=\"widget\" data-widget_type=\"heading.default\">\n\t\t\t\t\t<h2 class=\"elementor-heading-title elementor-size-default\">VE <\/h2>\t\t\t\t<\/div>\n\t\t\t\t<div class=\"elementor-element elementor-element-0019ed4 elementor-widget elementor-widget-heading\" data-id=\"0019ed4\" data-element_type=\"widget\" data-e-type=\"widget\" data-widget_type=\"heading.default\">\n\t\t\t\t\t<h2 class=\"elementor-heading-title elementor-size-default\">TGK \n(TARIM GIDA KORTEKS\u0130) \nSTANDARTLARI<\/h2>\t\t\t\t<\/div>\n\t\t\t\t<\/div>\n\t\t\t\t<\/div>\n\t\t<div class=\"elementor-element elementor-element-a2f6e11 e-con-full e-flex e-con e-child\" data-id=\"a2f6e11\" data-element_type=\"container\" data-e-type=\"container\">\n\t\t\t\t<div class=\"elementor-element elementor-element-e46d788 elementor-widget elementor-widget-text-editor\" data-id=\"e46d788\" data-element_type=\"widget\" data-e-type=\"widget\" data-widget_type=\"text-editor.default\">\n\t\t\t\t\t\t\t\t\t<p><b>GIDA G\u00dcVENL\u0130\u011e\u0130 POL\u0130T\u0130KAMIZ<\/b><br \/>Amac\u0131m\u0131z; \u00fcretilen mamulleri sa\u011fl\u0131kl\u0131 \u015fartlarda teslim etmek ve hedeflerimize ula\u015fmakt\u0131r.<\/p><p><strong>FO\u00c7A YO\u011eURT<\/strong> \u00fcretti\u011fi \u00fcr\u00fcnlerle teknolojik a\u00e7\u0131dan olmazsa olmazlar hari\u00e7, hi\u00e7bir g\u0131da katk\u0131 maddesi kullanmamay\u0131 ilke edinmi\u015ftir.<\/p><p><strong>FO\u00c7A YO\u011eURT<\/strong> temin etti\u011fi hammaddeler ve yard\u0131mc\u0131 maddeler\u0130 i\u00e7in titiz bir inceleme yaparak tedarik\u00e7ilerini politikas\u0131na uygun \u00e7izgiye getirir yada uygun tedarik\u00e7ilerle \u00e7al\u0131\u015f\u0131r.<\/p><p><strong>TGK STANDART<br \/><\/strong><br \/>Prosesler i\u00e7erisinde \u00e7al\u0131\u015fanlar\u0131n\u0131n e\u011fitim ihtiya\u00e7lar\u0131n\u0131 s\u00fcrekli de\u011ferlendirerek gerekli e\u011fitimlerin verilmesini sa\u011flar.<\/p><p>T\u00fcrk g\u0131da kodeksine, yasal standartlara ve m\u00fc\u015fteri taleplerine uygun \u00fcretim kullan\u0131m gruplar\u0131n\u0131n analizini yaparak, do\u011fru \u00fcr\u00fcnlerin \u00fcretilmesini ve do\u011fru \u015fekilde m\u00fc\u015fteriye teslimi sa\u011flar.<\/p>\t\t\t\t\t\t\t\t<\/div>\n\t\t\t\t<\/div>\n\t\t\t\t<\/div>\n\t\t\t\t<\/div>\n\t\t<div class=\"elementor-element elementor-element-71452c9 e-con-full e-flex e-con e-parent\" data-id=\"71452c9\" data-element_type=\"container\" data-e-type=\"container\" data-settings=\"{&quot;background_background&quot;:&quot;classic&quot;}\">\n\t\t<div class=\"elementor-element elementor-element-346fee9 e-con-full e-flex e-con e-child\" data-id=\"346fee9\" data-element_type=\"container\" data-e-type=\"container\">\n\t\t<div class=\"elementor-element elementor-element-5680f6a e-con-full e-flex e-con e-child\" data-id=\"5680f6a\" data-element_type=\"container\" data-e-type=\"container\">\n\t\t<div class=\"elementor-element elementor-element-36c4611 e-con-full e-flex e-con e-child\" data-id=\"36c4611\" data-element_type=\"container\" data-e-type=\"container\">\n\t\t\t\t<div class=\"elementor-element elementor-element-5316e99 elementor-widget elementor-widget-heading\" data-id=\"5316e99\" data-element_type=\"widget\" data-e-type=\"widget\" data-widget_type=\"heading.default\">\n\t\t\t\t\t<h2 class=\"elementor-heading-title elementor-size-default\">\u00c7EVRE SORUMLULU\u011eUMUZ<\/h2>\t\t\t\t<\/div>\n\t\t\t\t<\/div>\n\t\t<div class=\"elementor-element elementor-element-f7d309b e-con-full e-flex e-con e-child\" data-id=\"f7d309b\" data-element_type=\"container\" data-e-type=\"container\">\n\t\t\t\t<div class=\"elementor-element elementor-element-bd7313c elementor-widget__width-initial elementor-widget elementor-widget-image\" data-id=\"bd7313c\" data-element_type=\"widget\" data-e-type=\"widget\" data-widget_type=\"image.default\">\n\t\t\t\t\t\t\t\t\t\t\t\t\t\t\t<img decoding=\"async\" width=\"600\" height=\"400\" src=\"https:\/\/focayogurdu.com\/wp-content\/uploads\/2026\/02\/SORUMLULUK.webp\" class=\"attachment-large size-large wp-image-1591\" alt=\"\" srcset=\"https:\/\/focayogurdu.com\/wp-content\/uploads\/2026\/02\/SORUMLULUK.webp 600w, https:\/\/focayogurdu.com\/wp-content\/uploads\/2026\/02\/SORUMLULUK-300x200.webp 300w\" sizes=\"(max-width: 600px) 100vw, 600px\" \/>\t\t\t\t\t\t\t\t\t\t\t\t\t\t\t<\/div>\n\t\t\t\t<\/div>\n\t\t\t\t<\/div>\n\t\t<div class=\"elementor-element elementor-element-a9a7e5f e-con-full e-flex e-con e-child\" data-id=\"a9a7e5f\" data-element_type=\"container\" data-e-type=\"container\">\n\t\t\t\t<div class=\"elementor-element elementor-element-ff69405 elementor-widget elementor-widget-text-editor\" data-id=\"ff69405\" data-element_type=\"widget\" data-e-type=\"widget\" data-widget_type=\"text-editor.default\">\n\t\t\t\t\t\t\t\t\t<p><b>FO\u00c7A YO\u011eURT<\/b> tesisimiz, \u201cSanayi Kaynakl\u0131 Hava Kirlili\u011fi Kontrol\u00fc Y\u00f6netmeli\u011fi\u201d (SKHKKY) ve \u201c\u00c7evre \u0130zin ve Lisans Y\u00f6netmeli\u011fi\u201d (\u00c7\u0130LY) kapsam\u0131nda yer alan t\u00fcm h\u00fck\u00fcm ve esaslara uygunlu\u011fu sa\u011flayarak \u00c7evre \u0130zin Belgesi\u2019ni alm\u0131\u015ft\u0131r.<\/p><p>Bu y\u00f6netmelikler kapsam\u0131nda emisyonun atmosfere sal\u0131n\u0131m yap\u0131ld\u0131\u011f\u0131 bacam\u0131zda 2 y\u0131lda bir teyit \u00f6l\u00e7\u00fcmleri yap\u0131lmaktad\u0131r. \u201cAt\u0131k Sular\u0131n Kanalizasyon \u015eebekesine De\u015farj Y\u00f6netmeli\u011fi\u201dnce; fabrikam\u0131z\u0131n at\u0131k suyu, ar\u0131tma tesisimizde kimyasal ve mikrobiyolojik ar\u0131t\u0131m sonras\u0131nda Fo\u00e7a Belediyesi kanalizasyonuna de\u015farj edilmektedir. Tehlikeli ve tehlikesiz at\u0131klar\u0131m\u0131z, \u201cAt\u0131k Y\u00f6netimi Y\u00f6netmeli\u011fi\u201d kapsam\u0131nda ayr\u0131 ayr\u0131 depolanarak lisansl\u0131 firmalara geri kazan\u0131m ve bertaraf i\u015flemleri i\u00e7in g\u00f6nderilmektedir.<\/p><p>\u0130\u015fletmenin \u00e7evre mevzuat\u0131 kapsam\u0131ndaki beyan ve bildirimleri, belirtilen formatta ve zamanda Bakanl\u0131\u011f\u0131n sitesine online olarak iletilmektedir. Her y\u0131l d\u00fczenledi\u011fimiz \u201c\u00c7evre Bilin\u00e7lendirme ve At\u0131k Y\u00f6netimi E\u011fitimleri\u201d ile \u00e7al\u0131\u015fanlar\u0131n ve tedarik\u00e7ilerin \u00e7evre korunmas\u0131 konusunda fark\u0131ndal\u0131klar\u0131n\u0131n artmas\u0131 sa\u011flanmaktad\u0131r.<\/p>\t\t\t\t\t\t\t\t<\/div>\n\t\t\t\t<\/div>\n\t\t\t\t<\/div>\n\t\t\t\t<\/div>\n\t\t\t\t<\/div>\n\t\t","protected":false},"excerpt":{"rendered":"<p>KAL\u0130TE POL\u0130T\u0130KAMIZ KAL\u0130TE POL\u0130T\u0130KAMIZ 8 S\u00dcREKL\u0130L\u0130KTEN OLU\u015eUR M\u00fc\u015fteri memnuniyetini s\u00fcrekli g\u00fcndemde ve olabilecek en y\u00fcksek seviyede tutmak. T\u00fcm girdilerde kaliteyi \u00f6n planda tutarak s\u00fcrekli ara\u015ft\u0131rarak alternatifler bulmak. Kalite y\u00f6netimi sistemi ile kaliteyi optimum maliyetlerle s\u00fcrekli \u00fcst seviyelerde tutmak. Haccp prensiplerinden yola \u00e7\u0131karak tarladan ba\u015flamak suretiyle, sat\u0131n alma ve \u00fcretimden sat\u0131\u015fa kadar t\u00fcm a\u015famalarda kaliteyi s\u00fcrekli&#8230;<\/p>\n","protected":false},"author":1,"featured_media":0,"parent":0,"menu_order":0,"comment_status":"closed","ping_status":"closed","template":"","meta":{"_kad_post_transparent":"","_kad_post_title":"hide","_kad_post_layout":"fullwidth","_kad_post_sidebar_id":"","_kad_post_content_style":"unboxed","_kad_post_vertical_padding":"hide","_kad_post_feature":"hide","_kad_post_feature_position":"","_kad_post_header":false,"_kad_post_footer":false,"_kad_post_classname":"","footnotes":""},"class_list":["post-1541","page","type-page","status-publish","hentry"],"_links":{"self":[{"href":"https:\/\/focayogurdu.com\/index.php?rest_route=\/wp\/v2\/pages\/1541","targetHints":{"allow":["GET"]}}],"collection":[{"href":"https:\/\/focayogurdu.com\/index.php?rest_route=\/wp\/v2\/pages"}],"about":[{"href":"https:\/\/focayogurdu.com\/index.php?rest_route=\/wp\/v2\/types\/page"}],"author":[{"embeddable":true,"href":"https:\/\/focayogurdu.com\/index.php?rest_route=\/wp\/v2\/users\/1"}],"replies":[{"embeddable":true,"href":"https:\/\/focayogurdu.com\/index.php?rest_route=%2Fwp%2Fv2%2Fcomments&post=1541"}],"version-history":[{"count":154,"href":"https:\/\/focayogurdu.com\/index.php?rest_route=\/wp\/v2\/pages\/1541\/revisions"}],"predecessor-version":[{"id":2638,"href":"https:\/\/focayogurdu.com\/index.php?rest_route=\/wp\/v2\/pages\/1541\/revisions\/2638"}],"wp:attachment":[{"href":"https:\/\/focayogurdu.com\/index.php?rest_route=%2Fwp%2Fv2%2Fmedia&parent=1541"}],"curies":[{"name":"wp","href":"https:\/\/api.w.org\/{rel}","templated":true}]}}