{"id":1259,"date":"2026-02-23T14:53:02","date_gmt":"2026-02-23T14:53:02","guid":{"rendered":"https:\/\/focayogurdu.com\/staging\/?page_id=1259"},"modified":"2026-03-19T14:15:11","modified_gmt":"2026-03-19T14:15:11","slug":"yonetim-kurulumuz","status":"publish","type":"page","link":"https:\/\/focayogurdu.com\/?page_id=1259","title":{"rendered":"Y\u00d6NET\u0130M KURULUMUZ"},"content":{"rendered":"\t\t<div data-elementor-type=\"wp-page\" data-elementor-id=\"1259\" class=\"elementor elementor-1259\">\n\t\t\t\t<div class=\"elementor-element elementor-element-cc769ee e-con-full e-flex e-con e-parent\" data-id=\"cc769ee\" data-element_type=\"container\" data-e-type=\"container\" data-settings=\"{&quot;background_background&quot;:&quot;classic&quot;}\">\n\t\t<div class=\"elementor-element elementor-element-dedc8b7 e-flex e-con-boxed e-con e-child\" data-id=\"dedc8b7\" data-element_type=\"container\" data-e-type=\"container\">\n\t\t\t\t\t<div class=\"e-con-inner\">\n\t\t\t\t<div class=\"elementor-element elementor-element-9136b1e elementor-widget__width-initial elementor-widget elementor-widget-heading\" data-id=\"9136b1e\" data-element_type=\"widget\" data-e-type=\"widget\" data-widget_type=\"heading.default\">\n\t\t\t\t\t<h2 class=\"elementor-heading-title elementor-size-default\">Y\u00d6NET\u0130M KURULUMUZ<\/h2>\t\t\t\t<\/div>\n\t\t<div class=\"elementor-element elementor-element-b9790f0 e-con-full e-flex e-con e-child\" data-id=\"b9790f0\" data-element_type=\"container\" data-e-type=\"container\">\n\t\t<div class=\"elementor-element elementor-element-c33737d e-con-full e-flex e-con e-child\" data-id=\"c33737d\" data-element_type=\"container\" data-e-type=\"container\">\n\t\t\t\t<div class=\"elementor-element elementor-element-8b24c10 elementor-widget elementor-widget-image\" data-id=\"8b24c10\" data-element_type=\"widget\" data-e-type=\"widget\" data-widget_type=\"image.default\">\n\t\t\t\t\t\t\t\t\t\t\t\t\t\t\t<img fetchpriority=\"high\" decoding=\"async\" width=\"1024\" height=\"576\" src=\"https:\/\/focayogurdu.com\/wp-content\/uploads\/2026\/03\/ferdi-baydarogullari-1777057793-1024x576.webp\" class=\"attachment-large size-large wp-image-2275\" alt=\"\" srcset=\"https:\/\/focayogurdu.com\/wp-content\/uploads\/2026\/03\/ferdi-baydarogullari-1777057793-1024x576.webp 1024w, https:\/\/focayogurdu.com\/wp-content\/uploads\/2026\/03\/ferdi-baydarogullari-1777057793-300x169.webp 300w, https:\/\/focayogurdu.com\/wp-content\/uploads\/2026\/03\/ferdi-baydarogullari-1777057793-768x432.webp 768w, https:\/\/focayogurdu.com\/wp-content\/uploads\/2026\/03\/ferdi-baydarogullari-1777057793.webp 1280w\" sizes=\"(max-width: 1024px) 100vw, 1024px\" \/>\t\t\t\t\t\t\t\t\t\t\t\t\t\t\t<\/div>\n\t\t\t\t<\/div>\n\t\t\t\t<div class=\"elementor-element elementor-element-b5d733e elementor-widget__width-initial elementor-widget elementor-widget-heading\" data-id=\"b5d733e\" data-element_type=\"widget\" data-e-type=\"widget\" data-widget_type=\"heading.default\">\n\t\t\t\t\t<h2 class=\"elementor-heading-title elementor-size-default\">Y\u00d6NET\u0130M KURULU BA\u015eKANI<\/h2>\t\t\t\t<\/div>\n\t\t\t\t<div class=\"elementor-element elementor-element-e832df6 elementor-widget elementor-widget-heading\" data-id=\"e832df6\" data-element_type=\"widget\" data-e-type=\"widget\" data-widget_type=\"heading.default\">\n\t\t\t\t\t<h2 class=\"elementor-heading-title elementor-size-default\">HASAN FERD\u0130 BAYDARO\u011eULLARI<\/h2>\t\t\t\t<\/div>\n\t\t\t\t<\/div>\n\t\t\t\t\t<\/div>\n\t\t\t\t<\/div>\n\t\t<div class=\"elementor-element elementor-element-acf90e6 e-flex e-con-boxed e-con e-child\" data-id=\"acf90e6\" data-element_type=\"container\" data-e-type=\"container\">\n\t\t\t\t\t<div class=\"e-con-inner\">\n\t\t<div class=\"elementor-element elementor-element-b32e5be e-con-full e-flex e-con e-child\" data-id=\"b32e5be\" data-element_type=\"container\" data-e-type=\"container\">\n\t\t<div class=\"elementor-element elementor-element-f11eb2e e-con-full e-flex e-con e-child\" data-id=\"f11eb2e\" data-element_type=\"container\" data-e-type=\"container\">\n\t\t<div class=\"elementor-element elementor-element-15237ba e-con-full e-flex e-con e-child\" data-id=\"15237ba\" data-element_type=\"container\" data-e-type=\"container\">\n\t\t\t\t<div class=\"elementor-element elementor-element-3ae6562 elementor-widget elementor-widget-image\" data-id=\"3ae6562\" data-element_type=\"widget\" data-e-type=\"widget\" data-widget_type=\"image.default\">\n\t\t\t\t\t\t\t\t\t\t\t\t\t\t\t<img decoding=\"async\" width=\"738\" height=\"877\" src=\"https:\/\/focayogurdu.com\/wp-content\/uploads\/2026\/02\/CAN-DEMIRBAS.jpg\" class=\"attachment-large size-large wp-image-1263\" alt=\"\" srcset=\"https:\/\/focayogurdu.com\/wp-content\/uploads\/2026\/02\/CAN-DEMIRBAS.jpg 738w, https:\/\/focayogurdu.com\/wp-content\/uploads\/2026\/02\/CAN-DEMIRBAS-252x300.jpg 252w\" sizes=\"(max-width: 738px) 100vw, 738px\" \/>\t\t\t\t\t\t\t\t\t\t\t\t\t\t\t<\/div>\n\t\t\t\t<\/div>\n\t\t\t\t<div class=\"elementor-element elementor-element-e270d78 elementor-widget elementor-widget-heading\" data-id=\"e270d78\" data-element_type=\"widget\" data-e-type=\"widget\" data-widget_type=\"heading.default\">\n\t\t\t\t\t<h2 class=\"elementor-heading-title elementor-size-default\">Y\u00d6NET\u0130M KURULU BA\u015eKAN YARDIMCISI<\/h2>\t\t\t\t<\/div>\n\t\t\t\t<div class=\"elementor-element elementor-element-d30fb93 elementor-widget elementor-widget-heading\" data-id=\"d30fb93\" data-element_type=\"widget\" data-e-type=\"widget\" data-widget_type=\"heading.default\">\n\t\t\t\t\t<h2 class=\"elementor-heading-title elementor-size-default\">CAN DEM\u0130RBA\u015e<\/h2>\t\t\t\t<\/div>\n\t\t\t\t<\/div>\n\t\t<div class=\"elementor-element elementor-element-d0a707d e-con-full e-flex e-con e-child\" data-id=\"d0a707d\" data-element_type=\"container\" data-e-type=\"container\">\n\t\t<div class=\"elementor-element elementor-element-0da6fa4 e-con-full e-flex e-con e-child\" data-id=\"0da6fa4\" data-element_type=\"container\" data-e-type=\"container\">\n\t\t\t\t<div class=\"elementor-element elementor-element-a55095a elementor-widget elementor-widget-image\" data-id=\"a55095a\" data-element_type=\"widget\" data-e-type=\"widget\" data-widget_type=\"image.default\">\n\t\t\t\t\t\t\t\t\t\t\t\t\t\t\t<img decoding=\"async\" width=\"402\" height=\"637\" src=\"https:\/\/focayogurdu.com\/wp-content\/uploads\/2026\/02\/HALIL-KIRLI.jpg\" class=\"attachment-large size-large wp-image-1264\" alt=\"\" srcset=\"https:\/\/focayogurdu.com\/wp-content\/uploads\/2026\/02\/HALIL-KIRLI.jpg 402w, https:\/\/focayogurdu.com\/wp-content\/uploads\/2026\/02\/HALIL-KIRLI-189x300.jpg 189w\" sizes=\"(max-width: 402px) 100vw, 402px\" \/>\t\t\t\t\t\t\t\t\t\t\t\t\t\t\t<\/div>\n\t\t\t\t<\/div>\n\t\t\t\t<div class=\"elementor-element elementor-element-d8a02d7 elementor-widget elementor-widget-heading\" data-id=\"d8a02d7\" data-element_type=\"widget\" data-e-type=\"widget\" data-widget_type=\"heading.default\">\n\t\t\t\t\t<h2 class=\"elementor-heading-title elementor-size-default\">MUHAS\u0130P<\/h2>\t\t\t\t<\/div>\n\t\t\t\t<div class=\"elementor-element elementor-element-cb2e00a elementor-widget elementor-widget-heading\" data-id=\"cb2e00a\" data-element_type=\"widget\" data-e-type=\"widget\" data-widget_type=\"heading.default\">\n\t\t\t\t\t<h2 class=\"elementor-heading-title elementor-size-default\">HAL\u0130L KIRLI<\/h2>\t\t\t\t<\/div>\n\t\t\t\t<\/div>\n\t\t<div class=\"elementor-element elementor-element-fd22512 e-con-full e-flex e-con e-child\" data-id=\"fd22512\" data-element_type=\"container\" data-e-type=\"container\">\n\t\t<div class=\"elementor-element elementor-element-4cd64d6 e-con-full e-flex e-con e-child\" data-id=\"4cd64d6\" data-element_type=\"container\" data-e-type=\"container\">\n\t\t\t\t<div class=\"elementor-element elementor-element-3afdb5d elementor-widget elementor-widget-image\" data-id=\"3afdb5d\" data-element_type=\"widget\" data-e-type=\"widget\" data-widget_type=\"image.default\">\n\t\t\t\t\t\t\t\t\t\t\t\t\t\t\t<img decoding=\"async\" src=\"https:\/\/focayogurdu.com\/wp-content\/plugins\/elementor\/assets\/images\/placeholder.png\" title=\"\" alt=\"\" loading=\"lazy\" \/>\t\t\t\t\t\t\t\t\t\t\t\t\t\t\t<\/div>\n\t\t\t\t<\/div>\n\t\t\t\t<div class=\"elementor-element elementor-element-9d564e4 elementor-widget elementor-widget-heading\" data-id=\"9d564e4\" data-element_type=\"widget\" data-e-type=\"widget\" data-widget_type=\"heading.default\">\n\t\t\t\t\t<h2 class=\"elementor-heading-title elementor-size-default\">\u00dcYE<\/h2>\t\t\t\t<\/div>\n\t\t\t\t<div class=\"elementor-element elementor-element-e975ddf elementor-widget elementor-widget-heading\" data-id=\"e975ddf\" data-element_type=\"widget\" data-e-type=\"widget\" data-widget_type=\"heading.default\">\n\t\t\t\t\t<h2 class=\"elementor-heading-title elementor-size-default\">YILDIRAY \u015e\u0130R\u0130N<\/h2>\t\t\t\t<\/div>\n\t\t\t\t<\/div>\n\t\t<div class=\"elementor-element elementor-element-409ab38 e-con-full e-flex e-con e-child\" data-id=\"409ab38\" data-element_type=\"container\" data-e-type=\"container\">\n\t\t\t\t<div class=\"elementor-element elementor-element-370b797 elementor-widget elementor-widget-image\" data-id=\"370b797\" data-element_type=\"widget\" data-e-type=\"widget\" data-widget_type=\"image.default\">\n\t\t\t\t\t\t\t\t\t\t\t\t\t\t\t<img loading=\"lazy\" decoding=\"async\" width=\"392\" height=\"571\" src=\"https:\/\/focayogurdu.com\/wp-content\/uploads\/2026\/02\/HASAN-MERIC.png\" class=\"attachment-large size-large wp-image-1309\" alt=\"\" srcset=\"https:\/\/focayogurdu.com\/wp-content\/uploads\/2026\/02\/HASAN-MERIC.png 392w, https:\/\/focayogurdu.com\/wp-content\/uploads\/2026\/02\/HASAN-MERIC-206x300.png 206w\" sizes=\"(max-width: 392px) 100vw, 392px\" \/>\t\t\t\t\t\t\t\t\t\t\t\t\t\t\t<\/div>\n\t\t\t\t<div class=\"elementor-element elementor-element-97a521a elementor-widget elementor-widget-heading\" data-id=\"97a521a\" data-element_type=\"widget\" data-e-type=\"widget\" data-widget_type=\"heading.default\">\n\t\t\t\t\t<h2 class=\"elementor-heading-title elementor-size-default\">\u00dcYE<\/h2>\t\t\t\t<\/div>\n\t\t\t\t<div class=\"elementor-element elementor-element-16cf227 elementor-widget elementor-widget-heading\" data-id=\"16cf227\" data-element_type=\"widget\" data-e-type=\"widget\" data-widget_type=\"heading.default\">\n\t\t\t\t\t<h2 class=\"elementor-heading-title elementor-size-default\">HASAN MER\u0130\u00c7<\/h2>\t\t\t\t<\/div>\n\t\t\t\t<\/div>\n\t\t\t\t<\/div>\n\t\t\t\t\t<\/div>\n\t\t\t\t<\/div>\n\t\t<div class=\"elementor-element elementor-element-03975d0 e-flex e-con-boxed e-con e-child\" data-id=\"03975d0\" data-element_type=\"container\" data-e-type=\"container\">\n\t\t\t\t\t<div class=\"e-con-inner\">\n\t\t<div class=\"elementor-element elementor-element-b3dbfa9 e-con-full e-flex e-con e-child\" data-id=\"b3dbfa9\" data-element_type=\"container\" data-e-type=\"container\">\n\t\t\t\t<div class=\"elementor-element elementor-element-e4105a0 elementor-widget__width-initial elementor-widget elementor-widget-heading\" data-id=\"e4105a0\" data-element_type=\"widget\" data-e-type=\"widget\" data-widget_type=\"heading.default\">\n\t\t\t\t\t<h2 class=\"elementor-heading-title elementor-size-default\">DENET\u0130M KURULUMUZ<\/h2>\t\t\t\t<\/div>\n\t\t\t\t<\/div>\n\t\t<div class=\"elementor-element elementor-element-ad3ae4d e-con-full e-flex e-con e-child\" data-id=\"ad3ae4d\" data-element_type=\"container\" data-e-type=\"container\">\n\t\t<div class=\"elementor-element elementor-element-d1aae25 e-con-full e-flex e-con e-child\" data-id=\"d1aae25\" data-element_type=\"container\" data-e-type=\"container\">\n\t\t<div class=\"elementor-element elementor-element-eb5a307 e-con-full e-flex e-con e-child\" data-id=\"eb5a307\" data-element_type=\"container\" data-e-type=\"container\">\n\t\t\t\t<div class=\"elementor-element elementor-element-6d95e50 elementor-widget elementor-widget-image\" data-id=\"6d95e50\" data-element_type=\"widget\" data-e-type=\"widget\" data-widget_type=\"image.default\">\n\t\t\t\t\t\t\t\t\t\t\t\t\t\t\t<img loading=\"lazy\" decoding=\"async\" width=\"165\" height=\"195\" src=\"https:\/\/focayogurdu.com\/wp-content\/uploads\/2026\/02\/GOKAY-GULTEKIN.png\" class=\"attachment-large size-large wp-image-1302\" alt=\"\" \/>\t\t\t\t\t\t\t\t\t\t\t\t\t\t\t<\/div>\n\t\t\t\t<\/div>\n\t\t\t\t<div class=\"elementor-element elementor-element-01f614f elementor-widget elementor-widget-heading\" data-id=\"01f614f\" data-element_type=\"widget\" data-e-type=\"widget\" data-widget_type=\"heading.default\">\n\t\t\t\t\t<h2 class=\"elementor-heading-title elementor-size-default\">\u00dcYE<\/h2>\t\t\t\t<\/div>\n\t\t\t\t<div class=\"elementor-element elementor-element-60e9726 elementor-widget elementor-widget-heading\" data-id=\"60e9726\" data-element_type=\"widget\" data-e-type=\"widget\" data-widget_type=\"heading.default\">\n\t\t\t\t\t<h2 class=\"elementor-heading-title elementor-size-default\">G\u00d6KAY G\u00dcLTEK\u0130N<\/h2>\t\t\t\t<\/div>\n\t\t\t\t<\/div>\n\t\t<div class=\"elementor-element elementor-element-9f2f2ca e-con-full e-flex e-con e-child\" data-id=\"9f2f2ca\" data-element_type=\"container\" data-e-type=\"container\">\n\t\t<div class=\"elementor-element elementor-element-3d1d996 e-con-full e-flex e-con e-child\" data-id=\"3d1d996\" data-element_type=\"container\" data-e-type=\"container\">\n\t\t\t\t<div class=\"elementor-element elementor-element-4fd231a elementor-widget elementor-widget-image\" data-id=\"4fd231a\" data-element_type=\"widget\" data-e-type=\"widget\" data-widget_type=\"image.default\">\n\t\t\t\t\t\t\t\t\t\t\t\t\t\t\t<img loading=\"lazy\" decoding=\"async\" width=\"283\" height=\"286\" src=\"https:\/\/focayogurdu.com\/wp-content\/uploads\/2026\/02\/Ekran-goruntusu-2026-02-24-151844.png\" class=\"attachment-large size-large wp-image-1305\" alt=\"\" \/>\t\t\t\t\t\t\t\t\t\t\t\t\t\t\t<\/div>\n\t\t\t\t<\/div>\n\t\t\t\t<div class=\"elementor-element elementor-element-f36387c elementor-widget elementor-widget-heading\" data-id=\"f36387c\" data-element_type=\"widget\" data-e-type=\"widget\" data-widget_type=\"heading.default\">\n\t\t\t\t\t<h2 class=\"elementor-heading-title elementor-size-default\">\u00dcYE<\/h2>\t\t\t\t<\/div>\n\t\t\t\t<div class=\"elementor-element elementor-element-23a13af elementor-widget elementor-widget-heading\" data-id=\"23a13af\" data-element_type=\"widget\" data-e-type=\"widget\" data-widget_type=\"heading.default\">\n\t\t\t\t\t<h2 class=\"elementor-heading-title elementor-size-default\">EFKAN ALTA\u015eI<\/h2>\t\t\t\t<\/div>\n\t\t\t\t<\/div>\n\t\t<div class=\"elementor-element elementor-element-bb50907 e-con-full e-flex e-con e-child\" data-id=\"bb50907\" data-element_type=\"container\" data-e-type=\"container\">\n\t\t<div class=\"elementor-element elementor-element-c58807a e-con-full e-flex e-con e-child\" data-id=\"c58807a\" data-element_type=\"container\" data-e-type=\"container\">\n\t\t\t\t<div class=\"elementor-element elementor-element-0100c61 elementor-widget elementor-widget-image\" data-id=\"0100c61\" data-element_type=\"widget\" data-e-type=\"widget\" data-widget_type=\"image.default\">\n\t\t\t\t\t\t\t\t\t\t\t\t\t\t\t<img decoding=\"async\" src=\"https:\/\/focayogurdu.com\/wp-content\/plugins\/elementor\/assets\/images\/placeholder.png\" title=\"\" alt=\"\" loading=\"lazy\" \/>\t\t\t\t\t\t\t\t\t\t\t\t\t\t\t<\/div>\n\t\t\t\t<\/div>\n\t\t\t\t<div class=\"elementor-element elementor-element-81275f7 elementor-widget elementor-widget-heading\" data-id=\"81275f7\" data-element_type=\"widget\" data-e-type=\"widget\" data-widget_type=\"heading.default\">\n\t\t\t\t\t<h2 class=\"elementor-heading-title elementor-size-default\">\u00dcYE<\/h2>\t\t\t\t<\/div>\n\t\t\t\t<div class=\"elementor-element elementor-element-a157edb elementor-widget elementor-widget-heading\" data-id=\"a157edb\" data-element_type=\"widget\" data-e-type=\"widget\" data-widget_type=\"heading.default\">\n\t\t\t\t\t<h2 class=\"elementor-heading-title elementor-size-default\">HAMDULLAH DA\u011e<\/h2>\t\t\t\t<\/div>\n\t\t\t\t<\/div>\n\t\t\t\t<\/div>\n\t\t\t\t\t<\/div>\n\t\t\t\t<\/div>\n\t\t<div class=\"elementor-element elementor-element-19f85e1 e-flex e-con-boxed e-con e-child\" data-id=\"19f85e1\" data-element_type=\"container\" data-e-type=\"container\">\n\t\t\t\t\t<div class=\"e-con-inner\">\n\t\t<div class=\"elementor-element elementor-element-e2bac14 e-con-full e-flex e-con e-child\" data-id=\"e2bac14\" data-element_type=\"container\" data-e-type=\"container\">\n\t\t\t\t<div class=\"elementor-element elementor-element-dccc6bb elementor-widget__width-initial elementor-widget elementor-widget-heading\" data-id=\"dccc6bb\" data-element_type=\"widget\" data-e-type=\"widget\" data-widget_type=\"heading.default\">\n\t\t\t\t\t<h2 class=\"elementor-heading-title elementor-size-default\">\u00dcST B\u0130RL\u0130K \u00dcYELER\u0130M\u0130Z<\/h2>\t\t\t\t<\/div>\n\t\t\t\t<\/div>\n\t\t<div class=\"elementor-element elementor-element-47c5b50 e-con-full e-flex e-con e-child\" data-id=\"47c5b50\" data-element_type=\"container\" data-e-type=\"container\">\n\t\t<div class=\"elementor-element elementor-element-4e22261 e-con-full e-flex e-con e-child\" data-id=\"4e22261\" data-element_type=\"container\" data-e-type=\"container\">\n\t\t<div class=\"elementor-element elementor-element-a722e34 e-con-full e-flex e-con e-child\" data-id=\"a722e34\" data-element_type=\"container\" data-e-type=\"container\">\n\t\t\t\t<div class=\"elementor-element elementor-element-f7347cc elementor-widget elementor-widget-image\" data-id=\"f7347cc\" data-element_type=\"widget\" data-e-type=\"widget\" data-widget_type=\"image.default\">\n\t\t\t\t\t\t\t\t\t\t\t\t\t\t\t<img loading=\"lazy\" decoding=\"async\" width=\"200\" height=\"200\" src=\"https:\/\/focayogurdu.com\/wp-content\/uploads\/2026\/03\/EKO.webp\" class=\"attachment-large size-large wp-image-2542\" alt=\"\" srcset=\"https:\/\/focayogurdu.com\/wp-content\/uploads\/2026\/03\/EKO.webp 200w, https:\/\/focayogurdu.com\/wp-content\/uploads\/2026\/03\/EKO-150x150.webp 150w\" sizes=\"(max-width: 200px) 100vw, 200px\" \/>\t\t\t\t\t\t\t\t\t\t\t\t\t\t\t<\/div>\n\t\t\t\t<\/div>\n\t\t\t\t<div class=\"elementor-element elementor-element-aec31d4 elementor-widget elementor-widget-heading\" data-id=\"aec31d4\" data-element_type=\"widget\" data-e-type=\"widget\" data-widget_type=\"heading.default\">\n\t\t\t\t\t<h2 class=\"elementor-heading-title elementor-size-default\">\u00dcYE<\/h2>\t\t\t\t<\/div>\n\t\t\t\t<div class=\"elementor-element elementor-element-f8d92d8 elementor-widget elementor-widget-heading\" data-id=\"f8d92d8\" data-element_type=\"widget\" data-e-type=\"widget\" data-widget_type=\"heading.default\">\n\t\t\t\t\t<h2 class=\"elementor-heading-title elementor-size-default\">EKREM TIKANSAK<\/h2>\t\t\t\t<\/div>\n\t\t\t\t<\/div>\n\t\t<div class=\"elementor-element elementor-element-bfb552f e-con-full e-flex e-con e-child\" data-id=\"bfb552f\" data-element_type=\"container\" data-e-type=\"container\">\n\t\t<div class=\"elementor-element elementor-element-2828343 e-con-full e-flex e-con e-child\" data-id=\"2828343\" data-element_type=\"container\" data-e-type=\"container\">\n\t\t\t\t<div class=\"elementor-element elementor-element-e4e9a86 elementor-widget elementor-widget-image\" data-id=\"e4e9a86\" data-element_type=\"widget\" data-e-type=\"widget\" data-widget_type=\"image.default\">\n\t\t\t\t\t\t\t\t\t\t\t\t\t\t\t<img loading=\"lazy\" decoding=\"async\" width=\"219\" height=\"323\" src=\"https:\/\/focayogurdu.com\/wp-content\/uploads\/2026\/03\/IBOOO.jpg\" class=\"attachment-large size-large wp-image-2543\" alt=\"\" srcset=\"https:\/\/focayogurdu.com\/wp-content\/uploads\/2026\/03\/IBOOO.jpg 219w, https:\/\/focayogurdu.com\/wp-content\/uploads\/2026\/03\/IBOOO-203x300.jpg 203w\" sizes=\"(max-width: 219px) 100vw, 219px\" \/>\t\t\t\t\t\t\t\t\t\t\t\t\t\t\t<\/div>\n\t\t\t\t<\/div>\n\t\t\t\t<div class=\"elementor-element elementor-element-bdde23f elementor-widget elementor-widget-heading\" data-id=\"bdde23f\" data-element_type=\"widget\" data-e-type=\"widget\" data-widget_type=\"heading.default\">\n\t\t\t\t\t<h2 class=\"elementor-heading-title elementor-size-default\">\u00dcYE<\/h2>\t\t\t\t<\/div>\n\t\t\t\t<div class=\"elementor-element elementor-element-2fd303a elementor-widget elementor-widget-heading\" data-id=\"2fd303a\" data-element_type=\"widget\" data-e-type=\"widget\" data-widget_type=\"heading.default\">\n\t\t\t\t\t<h2 class=\"elementor-heading-title elementor-size-default\">\u0130BRAH\u0130M ULA\u015e Y\u00dcKSEKTEPE<\/h2>\t\t\t\t<\/div>\n\t\t\t\t<\/div>\n\t\t<div class=\"elementor-element elementor-element-83de521 e-con-full e-flex e-con e-child\" data-id=\"83de521\" data-element_type=\"container\" data-e-type=\"container\">\n\t\t<div class=\"elementor-element elementor-element-4ac2427 e-con-full e-flex e-con e-child\" data-id=\"4ac2427\" data-element_type=\"container\" data-e-type=\"container\">\n\t\t\t\t<div class=\"elementor-element elementor-element-ed2c47f elementor-widget__width-initial elementor-widget elementor-widget-image\" data-id=\"ed2c47f\" data-element_type=\"widget\" data-e-type=\"widget\" data-widget_type=\"image.default\">\n\t\t\t\t\t\t\t\t\t\t\t\t\t\t\t<img loading=\"lazy\" decoding=\"async\" width=\"237\" height=\"363\" src=\"https:\/\/focayogurdu.com\/wp-content\/uploads\/2026\/03\/NAIL.png\" class=\"attachment-large size-large wp-image-2544\" alt=\"\" srcset=\"https:\/\/focayogurdu.com\/wp-content\/uploads\/2026\/03\/NAIL.png 237w, https:\/\/focayogurdu.com\/wp-content\/uploads\/2026\/03\/NAIL-196x300.png 196w\" sizes=\"(max-width: 237px) 100vw, 237px\" \/>\t\t\t\t\t\t\t\t\t\t\t\t\t\t\t<\/div>\n\t\t\t\t<\/div>\n\t\t\t\t<div class=\"elementor-element elementor-element-d802ce9 elementor-widget elementor-widget-heading\" data-id=\"d802ce9\" data-element_type=\"widget\" data-e-type=\"widget\" data-widget_type=\"heading.default\">\n\t\t\t\t\t<h2 class=\"elementor-heading-title elementor-size-default\">\u00dcYE<\/h2>\t\t\t\t<\/div>\n\t\t\t\t<div class=\"elementor-element elementor-element-240c488 elementor-widget elementor-widget-heading\" data-id=\"240c488\" data-element_type=\"widget\" data-e-type=\"widget\" data-widget_type=\"heading.default\">\n\t\t\t\t\t<h2 class=\"elementor-heading-title elementor-size-default\">NA\u0130L \u00d6ZKAN<\/h2>\t\t\t\t<\/div>\n\t\t\t\t<\/div>\n\t\t\t\t<\/div>\n\t\t\t\t\t<\/div>\n\t\t\t\t<\/div>\n\t\t\t\t<\/div>\n\t\t\t\t<\/div>\n\t\t","protected":false},"excerpt":{"rendered":"<p>Y\u00d6NET\u0130M KURULUMUZ Y\u00d6NET\u0130M KURULU BA\u015eKANI HASAN FERD\u0130 BAYDARO\u011eULLARI Y\u00d6NET\u0130M KURULU BA\u015eKAN YARDIMCISI CAN DEM\u0130RBA\u015e MUHAS\u0130P HAL\u0130L KIRLI \u00dcYE YILDIRAY \u015e\u0130R\u0130N \u00dcYE HASAN MER\u0130\u00c7 DENET\u0130M KURULUMUZ \u00dcYE G\u00d6KAY G\u00dcLTEK\u0130N \u00dcYE EFKAN ALTA\u015eI \u00dcYE HAMDULLAH DA\u011e \u00dcST B\u0130RL\u0130K \u00dcYELER\u0130M\u0130Z \u00dcYE EKREM TIKANSAK \u00dcYE \u0130BRAH\u0130M ULA\u015e Y\u00dcKSEKTEPE \u00dcYE NA\u0130L \u00d6ZKAN<\/p>\n","protected":false},"author":1,"featured_media":0,"parent":0,"menu_order":0,"comment_status":"closed","ping_status":"closed","template":"","meta":{"_kad_post_transparent":"","_kad_post_title":"hide","_kad_post_layout":"fullwidth","_kad_post_sidebar_id":"","_kad_post_content_style":"unboxed","_kad_post_vertical_padding":"hide","_kad_post_feature":"hide","_kad_post_feature_position":"","_kad_post_header":false,"_kad_post_footer":false,"_kad_post_classname":"","footnotes":""},"class_list":["post-1259","page","type-page","status-publish","hentry"],"_links":{"self":[{"href":"https:\/\/focayogurdu.com\/index.php?rest_route=\/wp\/v2\/pages\/1259","targetHints":{"allow":["GET"]}}],"collection":[{"href":"https:\/\/focayogurdu.com\/index.php?rest_route=\/wp\/v2\/pages"}],"about":[{"href":"https:\/\/focayogurdu.com\/index.php?rest_route=\/wp\/v2\/types\/page"}],"author":[{"embeddable":true,"href":"https:\/\/focayogurdu.com\/index.php?rest_route=\/wp\/v2\/users\/1"}],"replies":[{"embeddable":true,"href":"https:\/\/focayogurdu.com\/index.php?rest_route=%2Fwp%2Fv2%2Fcomments&post=1259"}],"version-history":[{"count":37,"href":"https:\/\/focayogurdu.com\/index.php?rest_route=\/wp\/v2\/pages\/1259\/revisions"}],"predecessor-version":[{"id":2566,"href":"https:\/\/focayogurdu.com\/index.php?rest_route=\/wp\/v2\/pages\/1259\/revisions\/2566"}],"wp:attachment":[{"href":"https:\/\/focayogurdu.com\/index.php?rest_route=%2Fwp%2Fv2%2Fmedia&parent=1259"}],"curies":[{"name":"wp","href":"https:\/\/api.w.org\/{rel}","templated":true}]}}