{"id":1257,"date":"2026-02-25T15:16:04","date_gmt":"2026-02-25T15:16:04","guid":{"rendered":"https:\/\/focayogurdu.com\/staging\/?page_id=1257"},"modified":"2026-03-19T13:38:25","modified_gmt":"2026-03-19T13:38:25","slug":"lezzetler","status":"publish","type":"page","link":"https:\/\/focayogurdu.com\/?page_id=1257","title":{"rendered":"LEZZETLER"},"content":{"rendered":"\t\t<div data-elementor-type=\"wp-page\" data-elementor-id=\"1257\" class=\"elementor elementor-1257\">\n\t\t\t\t<div class=\"elementor-element elementor-element-970c1cb e-con-full e-flex e-con e-parent\" data-id=\"970c1cb\" data-element_type=\"container\" data-e-type=\"container\" data-settings=\"{&quot;background_background&quot;:&quot;classic&quot;}\">\n\t\t<div class=\"elementor-element elementor-element-47553d0 e-flex e-con-boxed e-con e-child\" data-id=\"47553d0\" data-element_type=\"container\" data-e-type=\"container\" data-settings=\"{&quot;background_background&quot;:&quot;classic&quot;}\">\n\t\t\t\t\t<div class=\"e-con-inner\">\n\t\t<div class=\"elementor-element elementor-element-118ba6d e-con-full e-flex e-con e-child\" data-id=\"118ba6d\" data-element_type=\"container\" data-e-type=\"container\" data-settings=\"{&quot;background_background&quot;:&quot;gradient&quot;}\">\n\t\t\t\t<div class=\"elementor-element elementor-element-a10068a elementor-widget elementor-widget-heading\" data-id=\"a10068a\" data-element_type=\"widget\" data-e-type=\"widget\" data-widget_type=\"heading.default\">\n\t\t\t\t\t<h2 class=\"elementor-heading-title elementor-size-default\">FO\u00c7A YO\u011eURTLU LEZZETLER<\/h2>\t\t\t\t<\/div>\n\t\t\t\t<\/div>\n\t\t\t\t\t<\/div>\n\t\t\t\t<\/div>\n\t\t\t\t<\/div>\n\t\t<div class=\"elementor-element elementor-element-4364cc4 e-con-full e-flex e-con e-parent\" data-id=\"4364cc4\" data-element_type=\"container\" data-e-type=\"container\" data-settings=\"{&quot;background_background&quot;:&quot;classic&quot;}\">\n\t\t<div class=\"elementor-element elementor-element-310922c e-con-full e-flex e-con e-child\" data-id=\"310922c\" data-element_type=\"container\" data-e-type=\"container\">\n\t\t<div class=\"elementor-element elementor-element-01bde4f e-con-full e-flex e-con e-child\" data-id=\"01bde4f\" data-element_type=\"container\" data-e-type=\"container\">\n\t\t\t\t<div class=\"elementor-element elementor-element-702635f elementor-widget elementor-widget-heading\" data-id=\"702635f\" data-element_type=\"widget\" data-e-type=\"widget\" data-widget_type=\"heading.default\">\n\t\t\t\t\t<h2 class=\"elementor-heading-title elementor-size-default\">FO\u00c7A YO\u011eURTLU \u00c7ITIR MANTI<\/h2>\t\t\t\t<\/div>\n\t\t\t\t<\/div>\n\t\t<div class=\"elementor-element elementor-element-829e954 e-con-full e-flex e-con e-child\" data-id=\"829e954\" data-element_type=\"container\" data-e-type=\"container\">\n\t\t\t\t<div class=\"elementor-element elementor-element-9c5e9e3 elementor-widget__width-initial elementor-widget-mobile__width-initial elementor-widget elementor-widget-text-editor\" data-id=\"9c5e9e3\" data-element_type=\"widget\" data-e-type=\"widget\" data-widget_type=\"text-editor.default\">\n\t\t\t\t\t\t\t\t\t<div class=\"Ingredients_titleWrapper__X7bnA\"><h4 class=\"Ingredients_title__KNT98\" style=\"text-align: center;\">\u00c7\u0131t\u0131r Mant\u0131 Tarifi \u0130\u00e7in Malzemeler<\/h4><\/div><div><h4 class=\"Ingredients_title__KNT98 Ingredients_subTitle__yn8sN\">\u00c7\u0131t\u0131r Mant\u0131 Hamur \u0130\u00e7in:<\/h4><ul class=\"Ingredients_ingredientList__DhBO1\"><li><div class=\"Ingredients_ingredient__fQvER\">3-4 su barda\u011f\u0131 <span class=\"fw-normal\">un<\/span><\/div><\/li><li><div class=\"Ingredients_ingredient__fQvER\">1 adet <span class=\"fw-normal\">yumurta<\/span><\/div><\/li><li><div class=\"Ingredients_ingredient__fQvER\">1 su barda\u011f\u0131 <span class=\"fw-normal\">su<\/span><\/div><\/li><li><div class=\"Ingredients_ingredient__fQvER\">1 \u00e7ay ka\u015f\u0131\u011f\u0131 <span class=\"fw-normal\">tuz<\/span><\/div><\/li><\/ul><\/div><div><h4 class=\"Ingredients_title__KNT98 Ingredients_subTitle__yn8sN\">\u00c7\u0131t\u0131r Mant\u0131 \u0130\u00e7 Harc\u0131 \u0130\u00e7in:<\/h4><ul class=\"Ingredients_ingredientList__DhBO1\"><li><div class=\"Ingredients_ingredient__fQvER\">300 gram <span class=\"fw-normal\">k\u0131yma<\/span><\/div><\/li><li><div class=\"Ingredients_ingredient__fQvER\">1 adet <span class=\"fw-normal\">so\u011fan<\/span><\/div><\/li><li><div class=\"Ingredients_ingredient__fQvER\">1 \u00e7ay ka\u015f\u0131\u011f\u0131 <span class=\"fw-normal\">tuz<\/span><\/div><\/li><li><div class=\"Ingredients_ingredient__fQvER\">1 \u00e7ay ka\u015f\u0131\u011f\u0131 <span class=\"fw-normal\">karabiber<\/span><\/div><\/li><li><div class=\"Ingredients_ingredient__fQvER\">5-6 dal <span class=\"fw-normal\">maydanoz<\/span><\/div><\/li><\/ul><\/div><div><h4 class=\"Ingredients_title__KNT98 Ingredients_subTitle__yn8sN\">\u00c7\u0131t\u0131r Mant\u0131 K\u0131zartmak i\u00e7in:<\/h4><ul class=\"Ingredients_ingredientList__DhBO1\"><li><div class=\"Ingredients_ingredient__fQvER\">1\/2 su barda\u011f\u0131 <span class=\"fw-normal\">s\u0131v\u0131 ya\u011f<\/span><\/div><\/li><\/ul><\/div><div><h4 class=\"Ingredients_title__KNT98 Ingredients_subTitle__yn8sN\">\u00c7\u0131t\u0131r Mant\u0131 Sosu \u0130\u00e7in:<\/h4><ul class=\"Ingredients_ingredientList__DhBO1\"><li><div class=\"Ingredients_ingredient__fQvER\">1 \u00e7orba kasesi <strong>S\u00dcZME FO\u00c7A YO\u011eURT<\/strong><\/div><\/li><li><div class=\"Ingredients_ingredient__fQvER\">2 di\u015f <span class=\"fw-normal\">sar\u0131msak<\/span><\/div><\/li><li><div class=\"Ingredients_ingredient__fQvER\">3 yemek ka\u015f\u0131\u011f\u0131 <span class=\"fw-normal\">tereya\u011f\u0131<\/span><\/div><\/li><li><div class=\"Ingredients_ingredient__fQvER\">1 tatl\u0131 ka\u015f\u0131\u011f\u0131 <span class=\"fw-normal\">biber sal\u00e7as\u0131<\/span><\/div><\/li><li><div class=\"Ingredients_ingredient__fQvER\">1 \u00e7ay ka\u015f\u0131\u011f\u0131 <span class=\"fw-normal\">pul biber<\/span><\/div><\/li><\/ul><\/div>\t\t\t\t\t\t\t\t<\/div>\n\t\t\t\t<div class=\"elementor-element elementor-element-654af5e elementor-widget elementor-widget-image\" data-id=\"654af5e\" data-element_type=\"widget\" data-e-type=\"widget\" data-widget_type=\"image.default\">\n\t\t\t\t\t\t\t\t\t\t\t\t\t\t\t<img fetchpriority=\"high\" decoding=\"async\" width=\"1024\" height=\"679\" src=\"https:\/\/focayogurdu.com\/wp-content\/uploads\/2026\/02\/CITIR-MAssssTISS-1024x679.png\" class=\"attachment-large size-large wp-image-1528\" alt=\"\" srcset=\"https:\/\/focayogurdu.com\/wp-content\/uploads\/2026\/02\/CITIR-MAssssTISS-1024x679.png 1024w, https:\/\/focayogurdu.com\/wp-content\/uploads\/2026\/02\/CITIR-MAssssTISS-300x199.png 300w, https:\/\/focayogurdu.com\/wp-content\/uploads\/2026\/02\/CITIR-MAssssTISS-768x509.png 768w, https:\/\/focayogurdu.com\/wp-content\/uploads\/2026\/02\/CITIR-MAssssTISS.png 1536w\" sizes=\"(max-width: 1024px) 100vw, 1024px\" \/>\t\t\t\t\t\t\t\t\t\t\t\t\t\t\t<\/div>\n\t\t\t\t<\/div>\n\t\t<div class=\"elementor-element elementor-element-fe2a302 e-con-full e-flex e-con e-child\" data-id=\"fe2a302\" data-element_type=\"container\" data-e-type=\"container\">\n\t\t\t\t<div class=\"elementor-element elementor-element-55d6b58 elementor-widget elementor-widget-heading\" data-id=\"55d6b58\" data-element_type=\"widget\" data-e-type=\"widget\" data-widget_type=\"heading.default\">\n\t\t\t\t\t<h2 class=\"elementor-heading-title elementor-size-default\">\u00c7\u0131t\u0131r Mant\u0131 Tarifi Nas\u0131l Yap\u0131l\u0131r?<\/h2>\t\t\t\t<\/div>\n\t\t\t\t<div class=\"elementor-element elementor-element-dbc8e3a elementor-widget elementor-widget-text-editor\" data-id=\"dbc8e3a\" data-element_type=\"widget\" data-e-type=\"widget\" data-widget_type=\"text-editor.default\">\n\t\t\t\t\t\t\t\t\t<div class=\"ContentRecipe_instructions__yZRS_\"><h4>\u00c7\u0131t\u0131r Mant\u0131 Hamuru i\u00e7in:<\/h4><ol><li class=\"mb-2\"><div>\u00c7\u0131t\u0131r mant\u0131 i\u00e7in yumurta, su ve tuzu kar\u0131\u015ft\u0131r\u0131n ve azar azar unu ekleyin.<\/div><\/li><li class=\"mb-2\"><div>Hamur toparlan\u0131nca 10 dakika kadar dinlendirin.<\/div><div class=\"w-100 h-100\">\u00a0<\/div><\/li><\/ol><div><h4 class=\"ContentRecipe_title__gqard\" style=\"text-align: center;\">\u00c7\u0131t\u0131r Mant\u0131 \u0130\u00e7 harc\u0131 i\u00e7in:<\/h4><ul><li>\u00a0Bir kaba k\u0131ymay\u0131 al\u0131n. \u0130\u00e7ine so\u011fan\u0131 rendeleyin, maydanozu ince ince k\u0131y\u0131n.<\/li><li><div>\u00a0Baharat\u0131n\u0131 ekleyerek g\u00fczelce yo\u011furun.<\/div><div class=\"w-100 h-100\"><span class=\" lazy-load-image-background lazy-load-image-loaded\">\u00a0<\/span><\/div><\/li><\/ul><\/div><div><h4 class=\"ContentRecipe_title__gqard\" style=\"text-align: center;\">\u00c7\u0131t\u0131r Mant\u0131 Birle\u015ftirme ve pi\u015firme a\u015famas\u0131:<\/h4><ol><li class=\"mb-2\"><div>Hamuru 4 e\u015fit par\u00e7aya b\u00f6l\u00fcn.<\/div><\/li><li class=\"mb-2\"><div>\u0130lk bezeyi unlanm\u0131\u015f tezgaha alarak a\u00e7maya ba\u015flay\u0131n. \u0130nce bir hamur olmal\u0131.<\/div><\/li><li class=\"mb-2\"><div>G\u00f6rseldeki gibi enine boyuna \u015feritler keserek kare e\u015f par\u00e7alara b\u00f6l\u00fcn. Her bir par\u00e7aya harc\u0131n\u0131zdan bir miktar koyun.<\/div><\/li><li class=\"mb-2\"><div>D\u00f6rt ucunu bir araya getirerek mant\u0131 \u015feklini verin. S\u0131ras\u0131yla di\u011fer bezeleri de ayn\u0131 \u015fekilde a\u00e7\u0131n. Hepsine har\u00e7 koyarak kapat\u0131n.<\/div><\/li><li class=\"mb-2\"><div>Ya\u011f\u0131n\u0131z\u0131 tavaya alarak k\u0131zmas\u0131n\u0131 bekleyin. Yeterli \u0131s\u0131ya geldi\u011finde mant\u0131lar\u0131n\u0131z\u0131 i\u00e7ine alarak \u00f6nl\u00fc arkal\u0131 k\u0131zart\u0131n.<\/div><\/li><li class=\"mb-2\"><div>Kevgir yard\u0131m\u0131yla fazla ya\u011f\u0131n\u0131 s\u00fczd\u00fcrerek tavan\u0131n i\u00e7inden k\u0131zaran mant\u0131lar\u0131n\u0131z\u0131 al\u0131n.<\/div><\/li><li class=\"mb-2\"><div>K\u00fc\u00e7\u00fck bir sos tavas\u0131nda tereya\u011f\u0131n\u0131 eritin ve bir yemek ka\u015f\u0131\u011f\u0131 sal\u00e7ay\u0131 i\u00e7ine alarak kavurun. Biraz suland\u0131r\u0131n, topaklanma olmamas\u0131 i\u00e7in kar\u0131\u015ft\u0131r\u0131n.<\/div><\/li><li class=\"mb-2\"><div>Mant\u0131n\u0131z\u0131n \u00fcst\u00fcne \u00f6nce sar\u0131msakl\u0131 olarak haz\u0131rlad\u0131\u011f\u0131n\u0131z <b>FO\u00c7A YO\u011eURT<\/b> ard\u0131ndan sal\u00e7al\u0131 sondan gezdirerek servis yap\u0131n. \u00c7\u0131t\u0131r mant\u0131 haz\u0131r. <strong>Afiyetler olsun!<br \/><\/strong><\/div><\/li><\/ol><\/div><\/div>\t\t\t\t\t\t\t\t<\/div>\n\t\t\t\t<\/div>\n\t\t\t\t<\/div>\n\t\t\t\t<\/div>\n\t\t<div class=\"elementor-element elementor-element-66691df e-con-full e-flex e-con e-parent\" data-id=\"66691df\" data-element_type=\"container\" data-e-type=\"container\" data-settings=\"{&quot;background_background&quot;:&quot;classic&quot;}\">\n\t\t<div class=\"elementor-element elementor-element-dd35790 e-con-full e-flex e-con e-child\" data-id=\"dd35790\" data-element_type=\"container\" data-e-type=\"container\">\n\t\t<div class=\"elementor-element elementor-element-5b0e99b e-con-full e-flex e-con e-child\" data-id=\"5b0e99b\" data-element_type=\"container\" data-e-type=\"container\">\n\t\t\t\t<div class=\"elementor-element elementor-element-f3ea3d1 elementor-widget elementor-widget-heading\" data-id=\"f3ea3d1\" data-element_type=\"widget\" data-e-type=\"widget\" data-widget_type=\"heading.default\">\n\t\t\t\t\t<h2 class=\"elementor-heading-title elementor-size-default\">KIYMALI KIR P\u0130DES\u0130 VE FO\u00c7A AYRAN<\/h2>\t\t\t\t<\/div>\n\t\t\t\t<\/div>\n\t\t<div class=\"elementor-element elementor-element-b92467b e-con-full e-flex e-con e-child\" data-id=\"b92467b\" data-element_type=\"container\" data-e-type=\"container\">\n\t\t\t\t<div class=\"elementor-element elementor-element-78c440b elementor-widget__width-initial elementor-widget elementor-widget-image\" data-id=\"78c440b\" data-element_type=\"widget\" data-e-type=\"widget\" data-widget_type=\"image.default\">\n\t\t\t\t\t\t\t\t\t\t\t\t\t\t\t<img decoding=\"async\" width=\"1018\" height=\"1526\" src=\"https:\/\/focayogurdu.com\/wp-content\/uploads\/2026\/02\/PPP.png\" class=\"attachment-full size-full wp-image-1809\" alt=\"\" srcset=\"https:\/\/focayogurdu.com\/wp-content\/uploads\/2026\/02\/PPP.png 1018w, https:\/\/focayogurdu.com\/wp-content\/uploads\/2026\/02\/PPP-200x300.png 200w, https:\/\/focayogurdu.com\/wp-content\/uploads\/2026\/02\/PPP-683x1024.png 683w, https:\/\/focayogurdu.com\/wp-content\/uploads\/2026\/02\/PPP-768x1151.png 768w\" sizes=\"(max-width: 1018px) 100vw, 1018px\" \/>\t\t\t\t\t\t\t\t\t\t\t\t\t\t\t<\/div>\n\t\t\t\t<div class=\"elementor-element elementor-element-8585c17 elementor-widget__width-initial elementor-widget-mobile__width-initial elementor-widget elementor-widget-text-editor\" data-id=\"8585c17\" data-element_type=\"widget\" data-e-type=\"widget\" data-widget_type=\"text-editor.default\">\n\t\t\t\t\t\t\t\t\t<div class=\"Ingredients_titleWrapper__X7bnA\"><h4 class=\"recipe-content-titles mobile-seen\" style=\"text-align: center;\">K\u0131r Pidesi (K\u0131ymal\u0131) Tarifi \u0130\u00e7in Malzemeler<\/h4><h5>\u00a0 \u00a0 \u00a0 \u00a0 \u00a0Hamuru i\u00e7in;<\/h5><ul class=\"recipe-materials\"><li>1 su barda\u011f\u0131 \u0131l\u0131k su (mayay\u0131 eritmek i\u00e7in)<\/li><li>1 \u00e7ay barda\u011f\u0131 \u0131l\u0131k s\u00fct<\/li><li>1 \u00e7ay barda\u011f\u0131 s\u0131v\u0131 ya\u011f<\/li><li>2 adet yumurta beyaz\u0131 (sar\u0131s\u0131 \u00fczerine)<\/li><li>1 yemek ka\u015f\u0131\u011f\u0131 insant maya<\/li><li>1 tatl\u0131 ka\u015f\u0131\u011f\u0131 \u015feker<\/li><li>1 tatl\u0131 ka\u015f\u0131\u011f\u0131 tuz<\/li><li>6-6,5 su barda\u011f\u0131 aras\u0131 un<\/li><\/ul><h5>\u00a0 \u00a0 \u00a0 \u00a0 \u0130\u00e7 harc\u0131 i\u00e7in;<\/h5><ul class=\"recipe-materials\"><li>500 gr k\u0131yma<\/li><li>1 adet so\u011fan<\/li><li>5-6 adet sivri biber<\/li><li>S\u0131v\u0131 ya\u011f<\/li><li>Tuz<\/li><li>\u0130stenilen baharatlar<\/li><li>Bir tutam maydanoz<\/li><\/ul><h5>\u00a0 \u00a0 \u00a0 \u00a0 \u00dczeri i\u00e7in;<\/h5><ul class=\"recipe-materials\"><li>2 adet yumurta sar\u0131s\u0131<\/li><\/ul><\/div>\t\t\t\t\t\t\t\t<\/div>\n\t\t\t\t<\/div>\n\t\t<div class=\"elementor-element elementor-element-2c3f721 e-con-full e-flex e-con e-child\" data-id=\"2c3f721\" data-element_type=\"container\" data-e-type=\"container\">\n\t\t\t\t<div class=\"elementor-element elementor-element-81d80c4 elementor-widget elementor-widget-heading\" data-id=\"81d80c4\" data-element_type=\"widget\" data-e-type=\"widget\" data-widget_type=\"heading.default\">\n\t\t\t\t\t<h2 class=\"elementor-heading-title elementor-size-default\">K\u0131r Pidesi (K\u0131ymal\u0131) Tarifi Nas\u0131l Yap\u0131l\u0131r?<\/h2>\t\t\t\t<\/div>\n\t\t\t\t<div class=\"elementor-element elementor-element-30d09a3 elementor-widget elementor-widget-text-editor\" data-id=\"30d09a3\" data-element_type=\"widget\" data-e-type=\"widget\" data-widget_type=\"text-editor.default\">\n\t\t\t\t\t\t\t\t\t<div class=\"ContentRecipe_instructions__yZRS_\"><div><ol class=\"recipe-instructions\"><li>\u00d6ncelikle mayam\u0131z\u0131 \u00a0derin bir kaseye koyup, \u00fczerine \u015fekeri koyuyoruz.<\/li><li>1 su barda\u011f\u0131 \u0131l\u0131k suyu \u00fczerine ilave edip, a\u011fz\u0131n\u0131 kapat\u0131p kabarmas\u0131n\u0131 bekliyoruz.<\/li><li>Daha sonra s\u0131v\u0131 ya\u011f, yumurtalar\u0131n beyazlar\u0131, s\u00fct\u00fc bir kaba al\u0131yoruz ve kabarm\u0131\u015f mayay\u0131 da buna kar\u0131\u015ft\u0131r\u0131yoruz, tuzu da ilave ediyoruz. G\u00fczelce harmanl\u0131yoruz.<\/li><li>Daha sonra unu yava\u015f yava\u015f ekleyip, hamuru yo\u011furuyoruz. \u00c7ok sert olmayan bir hamur elde ediyoruz.<\/li><li>\u00dczerini kapat\u0131p, mayalanmaya b\u0131rak\u0131yoruz.<\/li><li>Bu esnada i\u00e7 harc\u0131m\u0131z\u0131 haz\u0131rl\u0131yoruz. So\u011fan ve biberleri, yemeklik k\u00fc\u00e7\u00fck k\u00fc\u00e7\u00fck do\u011fruyoruz.<\/li><li>Tencereye \u00f6nce az miktarda ya\u011f ile so\u011fanlar\u0131 al\u0131p, biraz kavuruyoruz.<\/li><li>Daha sonra biberleri ekleyip, biraz daha kavuruyoruz.<\/li><li>So\u011fan ve biber yumu\u015fad\u0131\u011f\u0131nda k\u0131ymay\u0131 ilave edip, rengi d\u00f6nene kadar kar\u0131\u015ft\u0131r\u0131yoruz ve suyunu sal\u0131p \u00e7ekene kadar pi\u015firiyoruz.<\/li><li>Tuz ve istenilen baharatlar\u0131 ekliyoruz.<\/li><li>En son ince k\u0131y\u0131lm\u0131\u015f maydanoz ilave edip, kar\u0131\u015ft\u0131r\u0131p ocaktan al\u0131yoruz.<\/li><li>Mayalanm\u0131\u015f hamuru 12 e\u015fit par\u00e7aya b\u00f6l\u00fcp, bezeler al\u0131yoruz ve unlad\u0131\u011f\u0131m\u0131z tepsiye diziyoruz.<\/li><li>Oklava yard\u0131m\u0131yla ve un serperek, bu bezeleri oval bir \u015fekilde uzunlamas\u0131na do\u011fru a\u00e7\u0131yoruz.<\/li><li>\u0130\u00e7 harc\u0131m\u0131zdan uzunlamas\u0131na koyup, kenarlar\u0131n\u0131 ortada birle\u015ftiriyoruz.<\/li><li>Daha sonra, birle\u015fme yeri alta gelecek \u015fekilde ya\u011fl\u0131 ka\u011f\u0131t serdi\u011fimiz tepsiye diziyoruz ve tepsi mayas\u0131 i\u00e7in, mutlaka yar\u0131m saat kadar bekletiyoruz.<\/li><li>Daha sonra yumurta sar\u0131s\u0131 s\u00fcr\u00fcp, 200-225 derecelik f\u0131r\u0131nda k\u0131zarana kadar pi\u015firiyoruz.<\/li><li>Yan\u0131nda buz gibi <strong>FO\u00c7A AYRAN<\/strong> ile servis edebilirsiniz.<\/li><li>Afiyet olsun<\/li><\/ol><\/div><\/div>\t\t\t\t\t\t\t\t<\/div>\n\t\t\t\t<\/div>\n\t\t\t\t<\/div>\n\t\t\t\t<\/div>\n\t\t<div class=\"elementor-element elementor-element-e96f9e3 e-con-full e-flex e-con e-parent\" data-id=\"e96f9e3\" data-element_type=\"container\" data-e-type=\"container\" data-settings=\"{&quot;background_background&quot;:&quot;classic&quot;}\">\n\t\t<div class=\"elementor-element elementor-element-f51bb15 e-con-full e-flex e-con e-child\" data-id=\"f51bb15\" data-element_type=\"container\" data-e-type=\"container\">\n\t\t<div class=\"elementor-element elementor-element-c089068 e-con-full e-flex e-con e-child\" data-id=\"c089068\" data-element_type=\"container\" data-e-type=\"container\">\n\t\t\t\t<div class=\"elementor-element elementor-element-85b6938 elementor-widget elementor-widget-heading\" data-id=\"85b6938\" data-element_type=\"widget\" data-e-type=\"widget\" data-widget_type=\"heading.default\">\n\t\t\t\t\t<h2 class=\"elementor-heading-title elementor-size-default\">FO\u00c7A YO\u011eURDU \u0130LE YO\u011eURT \u00c7ORBASI<\/h2>\t\t\t\t<\/div>\n\t\t\t\t<\/div>\n\t\t<div class=\"elementor-element elementor-element-d490920 e-con-full e-flex e-con e-child\" data-id=\"d490920\" data-element_type=\"container\" data-e-type=\"container\">\n\t\t\t\t<div class=\"elementor-element elementor-element-7a80b86 elementor-widget elementor-widget-image\" data-id=\"7a80b86\" data-element_type=\"widget\" data-e-type=\"widget\" data-widget_type=\"image.default\">\n\t\t\t\t\t\t\t\t\t\t\t\t\t\t\t<img decoding=\"async\" width=\"1536\" height=\"1021\" src=\"https:\/\/focayogurdu.com\/wp-content\/uploads\/2026\/02\/BSDS.jpg\" class=\"attachment-full size-full wp-image-1810\" alt=\"\" srcset=\"https:\/\/focayogurdu.com\/wp-content\/uploads\/2026\/02\/BSDS.jpg 1536w, https:\/\/focayogurdu.com\/wp-content\/uploads\/2026\/02\/BSDS-300x199.jpg 300w, https:\/\/focayogurdu.com\/wp-content\/uploads\/2026\/02\/BSDS-1024x681.jpg 1024w, https:\/\/focayogurdu.com\/wp-content\/uploads\/2026\/02\/BSDS-768x511.jpg 768w\" sizes=\"(max-width: 1536px) 100vw, 1536px\" \/>\t\t\t\t\t\t\t\t\t\t\t\t\t\t\t<\/div>\n\t\t\t\t<div class=\"elementor-element elementor-element-bd17265 elementor-widget__width-initial elementor-widget-mobile__width-initial elementor-widget elementor-widget-text-editor\" data-id=\"bd17265\" data-element_type=\"widget\" data-e-type=\"widget\" data-widget_type=\"text-editor.default\">\n\t\t\t\t\t\t\t\t\t<div class=\"Ingredients_titleWrapper__X7bnA\"><div class=\"Ingredients_titleWrapper__X7bnA\"><h4 class=\"Ingredients_title__KNT98\" style=\"text-align: center;\">Yo\u011furtlu \u00c7orba Tarifi \u0130\u00e7in Malzemeler<\/h4><\/div><div><h5 class=\"Ingredients_title__KNT98 Ingredients_subTitle__yn8sN\">Yo\u011furtlu \u00e7orba i\u00e7in:<\/h5><ul class=\"Ingredients_ingredientList__DhBO1\"><li><div class=\"Ingredients_ingredient__fQvER\">1 \u00e7ay barda\u011f\u0131 <span class=\"fw-normal\">pirin\u00e7<\/span><\/div><\/li><li><div class=\"Ingredients_ingredient__fQvER\">6 su barda\u011f\u0131 <span class=\"fw-normal\">s\u0131cak su<\/span><\/div><\/li><li><div class=\"Ingredients_ingredient__fQvER\">2 su barda\u011f\u0131 <strong>FO\u00c7A YO\u011eURT<\/strong><\/div><\/li><li><div class=\"Ingredients_ingredient__fQvER\">1 adet <span class=\"fw-normal\">yumurta sar\u0131s\u0131<\/span><\/div><\/li><li><div class=\"Ingredients_ingredient__fQvER\">1 tepeleme yemek ka\u015f\u0131\u011f\u0131 <span class=\"fw-normal\">un<\/span><\/div><\/li><li><div class=\"Ingredients_ingredient__fQvER\">2 \u00e7ay ka\u015f\u0131\u011f\u0131 <span class=\"fw-normal\">kuru nane<\/span><\/div><\/li><li><div class=\"Ingredients_ingredient__fQvER\">2 \u00e7ay ka\u015f\u0131\u011f\u0131 <span class=\"fw-normal\">tuz<\/span><\/div><\/li><\/ul><\/div><div><h5 class=\"Ingredients_title__KNT98 Ingredients_subTitle__yn8sN\">Yo\u011furtlu \u00e7orban\u0131n \u00fczeri i\u00e7in:<\/h5><ul class=\"Ingredients_ingredientList__DhBO1\"><li><div class=\"Ingredients_ingredient__fQvER\">1\/2 yemek ka\u015f\u0131\u011f\u0131 <span class=\"fw-normal\">tereya\u011f\u0131<\/span><\/div><\/li><li><div class=\"Ingredients_ingredient__fQvER\">1 yemek ka\u015f\u0131\u011f\u0131 <span class=\"fw-normal\">zeytinya\u011f\u0131<\/span><\/div><\/li><li><div class=\"Ingredients_ingredient__fQvER\">1 tatl\u0131 ka\u015f\u0131\u011f\u0131 <span class=\"fw-normal\">kuru nane<\/span><\/div><\/li><\/ul><\/div><\/div>\t\t\t\t\t\t\t\t<\/div>\n\t\t\t\t<\/div>\n\t\t<div class=\"elementor-element elementor-element-c45826f e-con-full e-flex e-con e-child\" data-id=\"c45826f\" data-element_type=\"container\" data-e-type=\"container\">\n\t\t\t\t<div class=\"elementor-element elementor-element-02b79de elementor-widget elementor-widget-heading\" data-id=\"02b79de\" data-element_type=\"widget\" data-e-type=\"widget\" data-widget_type=\"heading.default\">\n\t\t\t\t\t<h2 class=\"elementor-heading-title elementor-size-default\">Yo\u011furtlu \u00c7orba Tarifi Nas\u0131l Yap\u0131l\u0131r?<\/h2>\t\t\t\t<\/div>\n\t\t\t\t<div class=\"elementor-element elementor-element-848cd96 elementor-widget elementor-widget-text-editor\" data-id=\"848cd96\" data-element_type=\"widget\" data-e-type=\"widget\" data-widget_type=\"text-editor.default\">\n\t\t\t\t\t\t\t\t\t<ol><li class=\"mb-2\"><div>Yo\u011furt \u00e7orbas\u0131 yap\u0131m\u0131 i\u00e7in y\u0131kanm\u0131\u015f 1 \u00e7ay barda\u011f\u0131 pirinci tencereye ekleyin ve \u00fczerine 6 su barda\u011f\u0131 s\u0131cak su ekleyip pirin\u00e7ler yumu\u015fayana kadar 10 dakika pi\u015firin.<\/div><div class=\"w-100 h-100\"><span class=\" lazy-load-image-background lazy-load-image-loaded\">\u00a0<\/span><\/div><\/li><li class=\"mb-2\"><div>Bir kasede 1 adet yumurta sar\u0131s\u0131, 2 su barda\u011f\u0131 <strong>FO\u00c7A YO\u011eURT<\/strong> ve 1 tepeleme yemek ka\u015f\u0131\u011f\u0131 unu kar\u0131\u015ft\u0131r\u0131n.<\/div><div class=\"w-100 h-100\"><span class=\" lazy-load-image-background lazy-load-image-loaded\">\u00a0<\/span><\/div><\/li><li class=\"mb-2\"><div>Pirin\u00e7lerle birlikte kaynayan sudan birka\u00e7 kep\u00e7e alarak yumurtal\u0131 kar\u0131\u015f\u0131ma ekleyin.<\/div><div class=\"w-100 h-100\"><span class=\" lazy-load-image-background lazy-load-image-loaded\">\u00a0<\/span><\/div><\/li><li class=\"mb-2\"><div>Kesilmemesi i\u00e7in h\u0131zl\u0131ca kar\u0131\u015ft\u0131r\u0131n.<\/div><div class=\"w-100 h-100\"><span class=\" lazy-load-image-background lazy-load-image-loaded\">\u00a0<\/span><\/div><\/li><li class=\"mb-2\"><div>Ard\u0131ndan kasedeki kar\u0131\u015f\u0131m\u0131 tencereye yava\u015f yava\u015f aktar\u0131n ve bu s\u0131rada s\u00fcrekli olarak kar\u0131\u015ft\u0131r\u0131n.<\/div><div class=\"w-100 h-100\"><span class=\" lazy-load-image-background lazy-load-image-loaded\">\u00a0<\/span><\/div><\/li><li class=\"mb-2\"><div>Son olarak 2 \u00e7ay ka\u015f\u0131\u011f\u0131 kuru nane ve 2 \u00e7ay ka\u015f\u0131\u011f\u0131 tuzu ekleyip pi\u015firmeye b\u0131rak\u0131n.<\/div><div class=\"w-100 h-100\"><span class=\" lazy-load-image-background lazy-load-image-loaded\">\u00a0<\/span><\/div><\/li><li class=\"mb-2\"><div>Servis \u00f6ncesi 1\/2 yemek ka\u015f\u0131\u011f\u0131 tereya\u011f\u0131, 1 yemek ka\u015f\u0131\u011f\u0131 zeytinya\u011f\u0131 ve 1 tatl\u0131 ka\u015f\u0131\u011f\u0131 kuru naneyi bir sos tavas\u0131nda k\u0131zd\u0131r\u0131p yo\u011furt \u00e7orbas\u0131n\u0131n \u00fczerine gezdirin. Afiyet olsun!<\/div><\/li><\/ol>\t\t\t\t\t\t\t\t<\/div>\n\t\t\t\t<\/div>\n\t\t\t\t<\/div>\n\t\t\t\t<\/div>\n\t\t\t\t<\/div>\n\t\t","protected":false},"excerpt":{"rendered":"<p>FO\u00c7A YO\u011eURTLU LEZZETLER FO\u00c7A YO\u011eURTLU \u00c7ITIR MANTI \u00c7\u0131t\u0131r Mant\u0131 Tarifi \u0130\u00e7in Malzemeler \u00c7\u0131t\u0131r Mant\u0131 Hamur \u0130\u00e7in: 3-4 su barda\u011f\u0131 un 1 adet yumurta 1 su barda\u011f\u0131 su 1 \u00e7ay ka\u015f\u0131\u011f\u0131 tuz \u00c7\u0131t\u0131r Mant\u0131 \u0130\u00e7 Harc\u0131 \u0130\u00e7in: 300 gram k\u0131yma 1 adet so\u011fan 1 \u00e7ay ka\u015f\u0131\u011f\u0131 tuz 1 \u00e7ay ka\u015f\u0131\u011f\u0131 karabiber 5-6 dal maydanoz \u00c7\u0131t\u0131r Mant\u0131&#8230;<\/p>\n","protected":false},"author":1,"featured_media":0,"parent":0,"menu_order":0,"comment_status":"closed","ping_status":"closed","template":"","meta":{"_kad_post_transparent":"","_kad_post_title":"hide","_kad_post_layout":"fullwidth","_kad_post_sidebar_id":"","_kad_post_content_style":"unboxed","_kad_post_vertical_padding":"hide","_kad_post_feature":"hide","_kad_post_feature_position":"","_kad_post_header":false,"_kad_post_footer":false,"_kad_post_classname":"","footnotes":""},"class_list":["post-1257","page","type-page","status-publish","hentry"],"_links":{"self":[{"href":"https:\/\/focayogurdu.com\/index.php?rest_route=\/wp\/v2\/pages\/1257","targetHints":{"allow":["GET"]}}],"collection":[{"href":"https:\/\/focayogurdu.com\/index.php?rest_route=\/wp\/v2\/pages"}],"about":[{"href":"https:\/\/focayogurdu.com\/index.php?rest_route=\/wp\/v2\/types\/page"}],"author":[{"embeddable":true,"href":"https:\/\/focayogurdu.com\/index.php?rest_route=\/wp\/v2\/users\/1"}],"replies":[{"embeddable":true,"href":"https:\/\/focayogurdu.com\/index.php?rest_route=%2Fwp%2Fv2%2Fcomments&post=1257"}],"version-history":[{"count":97,"href":"https:\/\/focayogurdu.com\/index.php?rest_route=\/wp\/v2\/pages\/1257\/revisions"}],"predecessor-version":[{"id":2535,"href":"https:\/\/focayogurdu.com\/index.php?rest_route=\/wp\/v2\/pages\/1257\/revisions\/2535"}],"wp:attachment":[{"href":"https:\/\/focayogurdu.com\/index.php?rest_route=%2Fwp%2Fv2%2Fmedia&parent=1257"}],"curies":[{"name":"wp","href":"https:\/\/api.w.org\/{rel}","templated":true}]}}